{"id":1055,"date":"2019-04-04T15:25:44","date_gmt":"2019-04-04T12:25:44","guid":{"rendered":"https:\/\/aslanyacht.com\/?page_id=1055"},"modified":"2019-07-11T15:21:38","modified_gmt":"2019-07-11T12:21:38","slug":"yat-elektrik","status":"publish","type":"page","link":"https:\/\/aslanyacht.com\/tr\/yat-elektrik\/","title":{"rendered":"Yat Elektrik"},"content":{"rendered":"<p>Yat Elektrik<\/p>\n<p>Tekne ve yatlar\u0131n\u0131z\u0131n g\u00fcvenli\u011fini sa\u011flamak i\u00e7in elektrik aksamlar\u0131n\u0131n d\u00fczenli olarak kontrol edilmesi ve var olan problemlere profesyonel \u00e7\u00f6z\u00fcmler getirilmesi gerekir. Elektrik sistemleri ile ilgili k\u00fc\u00e7\u00fck ar\u0131zalar yat sahipleri taraf\u0131ndan giderilmeye \u00e7al\u0131\u015f\u0131lsa bile as\u0131l olan tamirat\u0131n bu konuda uzman ellere b\u0131rak\u0131lmas\u0131d\u0131r. Her bir teknenin ya da yat\u0131n \u00fcretim y\u0131l\u0131, kullan\u0131lan par\u00e7alar\u0131 ve \u00fczerinde bulunan ekipmana g\u00f6re yedek par\u00e7alar\u0131 ile tamir sistemleri farkl\u0131l\u0131k g\u00f6sterir. Yap\u0131lacak yanl\u0131\u015f bir uygulama ise gelecekte \u00e7ok daha b\u00fcy\u00fck, telafisi m\u00fcmk\u00fcn olmayan sonu\u00e7lar do\u011furabilir. \u00d6zellikle elektronik devrelerin say\u0131s\u0131n\u0131n ve kullan\u0131m\u0131n\u0131n artmas\u0131 ile birlikte elektrik sistemlerinin de bak\u0131m\u0131n\u0131n, tamirat\u0131n\u0131n \u00f6nemi artm\u0131\u015ft\u0131r. Hemen hemen herkes elektri\u011fin ihmale gelmeyece\u011fini bilir.<\/p>\n<p>Elektrik Sistemi Ar\u0131zalar\u0131n\u0131n Giderilmesi<\/p>\n<p>Elektrik sistemi denildi\u011finde akla ilk gelen malzeme elbette ak\u00fcler olacakt\u0131r. Deniz \u00fczerinde enerji en \u00f6nemli ihtiya\u00e7t\u0131r. Gerekli enerjinin do\u011fru \u00fcretilebilmesi i\u00e7in uygun bir ak\u00fc se\u00e7imi yap\u0131lmas\u0131 \u015fartt\u0131r. B\u00fct\u00fcn enerjinin kayna\u011f\u0131n\u0131n ayn\u0131 sisteme dayand\u0131\u011f\u0131 d\u00fc\u015f\u00fcn\u00fcl\u00fcrse ak\u00fclerin sat\u0131n al\u0131m a\u015famas\u0131nda sonra bak\u0131mlar\u0131n\u0131n da d\u00fczenli yap\u0131lmas\u0131n\u0131n ne kadar \u00f6nemli oldu\u011fu ortaya \u00e7\u0131kar. Kapasitenin alt\u0131nda se\u00e7ilen ak\u00fcler yeterli enerji \u00fcretimi sa\u011flamayaca\u011f\u0131 i\u00e7in seyir s\u0131ras\u0131nda problem yaratabilirler. Yeteri kadar iyi sabitlenmeyen ak\u00fcler de sorun olu\u015fturabilecek durumlardan bir tanesidir. Kurulum da en az ak\u00fc se\u00e7imi kadar \u00f6nem ta\u015f\u0131r.<\/p>\n<p>Elektrik sistemi denildi\u011fi zaman elbette ak\u00fclerin d\u0131\u015f\u0131nda da birtak\u0131m d\u00fczeneklerden bahsetmek \u015fartt\u0131r. Elektrik aksam\u0131n\u0131n en \u00f6nemli par\u00e7alar\u0131ndan bir tanesi olan inverterler basit bir anlat\u0131m ile enerji frekans\u0131n\u0131 d\u00fczenleyen aletler olarak tarif edilebilirler. Kullan\u0131lan inverter\u00fcn do\u011fru se\u00e7ilmemesi veya \u00e7al\u0131\u015fma s\u0131ras\u0131nda ar\u0131za yapmas\u0131 halinde ak\u0131m d\u00fczenlemez ve hasar meydana gelebilir. Daha da \u00f6nemlisi hayati \u00f6nemi bulunan bir ekipman\u0131n \u00e7al\u0131\u015fmas\u0131 do\u011frudan durabilir. \u0130nverterler yayg\u0131n olarak kullan\u0131lan aletlerdendir.<\/p>\n<p>Tekne ve yatlar\u0131n elektrik sistemlerinde en \u00f6nemli ayr\u0131nt\u0131 ise kablolard\u0131r. Elektrik tesisat\u0131 i\u00e7in kullan\u0131lacak kablolar\u0131n deniz \u015fartlar\u0131na uygun olmas\u0131 ve ta\u015f\u0131d\u0131klar\u0131 elektrik y\u00fck\u00fcn\u00fc kald\u0131racak \u00f6zelliklerde se\u00e7ilmesi \u00f6nemlidir. Kablolar\u0131n a\u015f\u0131nma yapmamas\u0131 ve elektrik konta\u011f\u0131na yol a\u00e7mamas\u0131 i\u00e7in \u00f6zel olarak \u00fcretilen kablolar aras\u0131ndan se\u00e7im yap\u0131l\u0131r. Ayr\u0131ca kablo ge\u00e7i\u015f alanlar\u0131n\u0131n da kablolar\u0131n a\u015f\u0131nmas\u0131n\u0131 engelleyecek \u015fekilde belirlenmesi gerekir.<\/p>\n<p>Elektrik denildi\u011fi zaman elbette ki ayr\u0131nt\u0131lar bunlarla s\u0131n\u0131rl\u0131 de\u011fildir. Sigortalar ve elektrik panosu da bu sistemin en \u00f6nemli taraf\u0131n\u0131 olu\u015ftururlar. Elektrik panolar\u0131ndan arac\u0131n elektrikli sistemlerinin kontrol\u00fc m\u00fcmk\u00fcnd\u00fcr. Pano ar\u0131zas\u0131 gerekti\u011fi \u015fekilde \u00e7\u00f6z\u00fcmlenmezse hem g\u00fcndelik kullan\u0131ma ait \u00fcr\u00fcnlerde hem de seyir i\u00e7in kullan\u0131lan ara\u00e7larda ar\u0131za olu\u015fturabilir. Elektrik sistemi denildi\u011finde par\u00e7alar\u0131n birbirlerinden ba\u011f\u0131ms\u0131z d\u00fc\u015f\u00fcn\u00fclmesi s\u00f6z konusu de\u011fildir. Deniz d\u0131\u015f\u0131 ya\u015famda bile \u00e7ok b\u00fcy\u00fck \u00f6nemi olan elektri\u011fin verimli \u00e7al\u0131\u015fmas\u0131 denizde \u00e7ok daha b\u00fcy\u00fck \u00f6neme sahiptir.<\/p>\n<p>Serviste Profesyonel \u00c7\u00f6z\u00fcm<\/p>\n<p>Elektrik sistemlerinin kurulumu ve bak\u0131m\u0131 i\u00e7in uzun y\u0131llard\u0131r g\u00fcvenle hizmet veren Aslan Yacht olarak profesyonel \u00e7\u00f6z\u00fcmler \u00fcretmenin ne kadar \u00f6nemli oldu\u011funun bilincindeyiz. Deniz \u00fczerinde olman\u0131n keyfi ancak g\u00fcvenli\u011fe dair bir kusur olmad\u0131\u011f\u0131 zaman al\u0131nabilir. Seyir ya da mola s\u0131ras\u0131nda \u00e7\u0131kabilecek bir elektrik ar\u0131zas\u0131 arac\u0131n hareket kabiliyetinin etkilenmesinden ba\u015flayarak \u00e7ok daha ciddi sorunlara yol a\u00e7abilir. \u00d6zellikle seyir s\u0131ras\u0131nda bu \u00e7e\u015fit bir aksamay\u0131 ya\u015famay\u0131 hi\u00e7 kimse istemez. Teknenin elektrik sisteminin ar\u0131zalanmas\u0131 demek yang\u0131na kadar giden sorunlar\u0131n ya\u015fanabilece\u011fi anlam\u0131na gelebilir. Teknik servis konusunda i\u015finin ehli ki\u015filerden hizmet alman\u0131z sorun ya\u015faman\u0131z\u0131n da \u00f6n\u00fcne ge\u00e7ecektir.<\/p>\n<p>Denizin nemli, deniz suyunun tuzlu yap\u0131s\u0131 kablolar\u0131n ve elektrik sistemlerinin korozyona u\u011framas\u0131na yol a\u00e7an ortamlard\u0131r. Zaman i\u00e7erisinde b\u00fct\u00fcn elektrik devrelerinde korozyondan kaynakl\u0131 ar\u0131zalar\u0131n olu\u015fmas\u0131 olas\u0131 durumlar aras\u0131ndad\u0131r. Her y\u0131l d\u00fczenli yap\u0131lan bak\u0131mlar ile a\u015f\u0131nan par\u00e7alar tespit edilir ve uygun bir \u015fekilde yenilemesi yap\u0131l\u0131r. Oksitlenme b\u00fcy\u00fck bir sorundur ve \u00f6nlem al\u0131nmazsa hayati \u00f6neme sahip par\u00e7alar\u0131n da ar\u0131zalanmas\u0131na neden olur. Bu nedenle periyodik bak\u0131mlarda \u00f6ncelikle kablo ve elektrik tesisat\u0131n\u0131n kontrol\u00fc yap\u0131l\u0131r.<\/p>\n<p>Servis talebiniz durumunda ak\u00fclerin durumlar\u0131ndan kablolar\u0131n sa\u011flaml\u0131\u011f\u0131na kadar b\u00fct\u00fcn sistem ayr\u0131nt\u0131l\u0131 olarak kontrol edilir. Periyodik bak\u0131m d\u0131\u015f\u0131nda ani olu\u015fan ar\u0131zalarda da bizden yard\u0131m alabilirsiniz. Aslan Yacht olarak b\u00fct\u00fcn teknik servis personelimizin son sistemler ve yeni teknolojiler konusunda gerekli e\u011fitimi almalar\u0131n\u0131 sa\u011flar\u0131z. Uzman personel ve geni\u015f yedek par\u00e7a a\u011f\u0131m\u0131z sayesinde ar\u0131zalar\u0131n\u0131z k\u0131sa s\u00fcrede \u00e7\u00f6z\u00fcmlenir, par\u00e7a de\u011fi\u015fimi yap\u0131l\u0131r. B\u00f6ylece ister deniz \u00fcst\u00fcnde ister molada olun deneyimli bir ekip taraf\u0131ndan verilen teknik servis hizmeti alman\u0131n keyfini ya\u015fayabilirsiniz.<\/p>","protected":false},"excerpt":{"rendered":"<p>Yat Elektrik Tekne ve yatlar\u0131n\u0131z\u0131n g\u00fcvenli\u011fini sa\u011flamak i\u00e7in elektrik aksamlar\u0131n\u0131n d\u00fczenli olarak kontrol edilmesi ve var olan problemlere profesyonel \u00e7\u00f6z\u00fcmler getirilmesi gerekir. Elektrik sistemleri ile ilgili k\u00fc\u00e7\u00fck ar\u0131zalar yat sahipleri taraf\u0131ndan giderilmeye \u00e7al\u0131\u015f\u0131lsa bile as\u0131l olan tamirat\u0131n bu konuda uzman ellere b\u0131rak\u0131lmas\u0131d\u0131r. Her bir teknenin ya da yat\u0131n \u00fcretim y\u0131l\u0131, kullan\u0131lan par\u00e7alar\u0131 ve \u00fczerinde bulunan<\/p>\n","protected":false},"author":1,"featured_media":0,"parent":0,"menu_order":0,"comment_status":"closed","ping_status":"closed","template":"","meta":{"footnotes":""},"class_list":["post-1055","page","type-page","status-publish","hentry"],"_links":{"self":[{"href":"https:\/\/aslanyacht.com\/tr\/wp-json\/wp\/v2\/pages\/1055","targetHints":{"allow":["GET"]}}],"collection":[{"href":"https:\/\/aslanyacht.com\/tr\/wp-json\/wp\/v2\/pages"}],"about":[{"href":"https:\/\/aslanyacht.com\/tr\/wp-json\/wp\/v2\/types\/page"}],"author":[{"embeddable":true,"href":"https:\/\/aslanyacht.com\/tr\/wp-json\/wp\/v2\/users\/1"}],"replies":[{"embeddable":true,"href":"https:\/\/aslanyacht.com\/tr\/wp-json\/wp\/v2\/comments?post=1055"}],"version-history":[{"count":0,"href":"https:\/\/aslanyacht.com\/tr\/wp-json\/wp\/v2\/pages\/1055\/revisions"}],"wp:attachment":[{"href":"https:\/\/aslanyacht.com\/tr\/wp-json\/wp\/v2\/media?parent=1055"}],"curies":[{"name":"wp","href":"https:\/\/api.w.org\/{rel}","templated":true}]}}