{"id":1058,"date":"2019-04-04T15:27:10","date_gmt":"2019-04-04T12:27:10","guid":{"rendered":"https:\/\/aslanyacht.com\/?page_id=1058"},"modified":"2019-07-11T15:20:51","modified_gmt":"2019-07-11T12:20:51","slug":"turkce-mekanik","status":"publish","type":"page","link":"https:\/\/aslanyacht.com\/tr\/turkce-mekanik\/","title":{"rendered":"Yat Mekanik"},"content":{"rendered":"<p>Yat Mekanik<\/p>\n<p>Aslan Yacht olarak hidrolik, vin\u00e7, su ar\u0131tma, yak\u0131t sistemleri gibi mekanik aksamlar\u0131n periyodik bak\u0131mlar\u0131n\u0131 ve gerekli oldu\u011fu hallerde par\u00e7a de\u011fi\u015fimi ile ani ar\u0131zalarda m\u00fcdahalelerinin yap\u0131yoruz. Dilerseniz y\u0131ll\u0131k bak\u0131mlar\u0131n\u0131zda, dilerseniz ar\u0131zalarda bizden hizmet alabilirsiniz. Mekanik aksamlar denildi\u011fi zaman yatlar\u0131n hareket etmesini sa\u011flayan par\u00e7alardan g\u00fcnl\u00fck kullan\u0131ma kadar olan sistemler akla gelebilir. B\u00fct\u00fcn bu par\u00e7alar\u0131n her biri \u00fczerinde durulmas\u0131 gereken par\u00e7alar i\u00e7erirler. B\u00fct\u00fcn yat ve tekne sahipleri d\u00fczenli bak\u0131m\u0131n ne kadar \u00f6nemli oldu\u011funu bilirler. Denizde olmak s\u0131n\u0131rs\u0131z \u00f6zg\u00fcrl\u00fck alg\u0131s\u0131n\u0131n tamamlanmas\u0131d\u0131r, bu alg\u0131ya eri\u015fmek i\u00e7in ise kusursuz \u00e7al\u0131\u015fan bir d\u00fczene\u011fe sahip olmak gerekir.<\/p>\n<p>Hidrolik Bak\u0131mlar<\/p>\n<p>Teknelerin mekanik bak\u0131mlar\u0131 hidrolik sistemlerinin kontrol\u00fc ile ba\u015flar. Su ve hareketi birle\u015ftiren hidrolik bilimi hareketi do\u011frudan etkileyen par\u00e7alar\u0131 i\u00e7erir. \u00d6zellikle hidrolik d\u00fcmen sistemleri yatlar\u0131n hareket mekanizmalar\u0131 i\u00e7erisinde yer ald\u0131klar\u0131 i\u00e7in bak\u0131mlar\u0131 da ayr\u0131nt\u0131 ister. Hidrolik d\u00fczeneklere yatlar\u0131n di\u011fer par\u00e7alar\u0131nda da rastlanabilir. Hidrolik mekanizmalar yatlarda bir\u00e7ok i\u015fi \u00e7ok daha az efor harcayarak bitirmenizi sa\u011flar. Bak\u0131mlar\u0131 ve tamirleri de bu nedenle b\u00fcy\u00fck \u00f6nem ta\u015f\u0131r.<\/p>\n<p>Mekanikte Ar\u0131za Giderilmesi<\/p>\n<p>Mekanik sistemler aras\u0131nda bulunan pasarellalar tekne ile kara aras\u0131nda ba\u011flant\u0131 kuran mekanizmalard\u0131r. \u00dczerlerinde hareket edilen mekanizmalar olduklar\u0131 i\u00e7in g\u00fcvenli olmalar\u0131 gerekir. Ge\u00e7i\u015fler s\u0131ras\u0131nda d\u00fc\u015fmeye mahal vermeyecek \u015fekilde d\u00fczenlenmi\u015f olmal\u0131d\u0131rlar. Tekne ve yatlar i\u00e7in \u00f6nemli olan bir ba\u015fka malzeme ise tutyalard\u0131r. Metal par\u00e7alar\u0131 deniz \u015fartlar\u0131na koruyan tutyalar\u0131n her y\u0131l d\u00fczenli olarak kontrol edilmesi \u015fartt\u0131r. Baz\u0131 tutyalar kullan\u0131m s\u00fcreleri boyunca a\u015f\u0131n\u0131r ve a\u015f\u0131nanlar g\u00f6revlerini yapamaz hale gelirler. G\u00f6revlerini yapamayan tutyalar ise do\u011frudan metal par\u00e7alar\u0131n zarar g\u00f6rmesine yol a\u00e7arlar. A\u015f\u0131nan tutyalar gerekli par\u00e7alar ile de\u011fi\u015ftirilir ve ana mekanizman\u0131n korunmas\u0131 sa\u011flan\u0131r. Ayn\u0131 \u015fekilde yatlarda bulunan kirli ve temiz su tanklar\u0131n\u0131n da bak\u0131mlar\u0131n\u0131n yap\u0131lmas\u0131, temizlenmesi ve tahliye tesisat\u0131nda olu\u015fabilecek problemlerin giderilmesi gerekir. Mekanik sistemleri s\u0131ralamak gerekirse \u015f\u00f6yle bir listeleme yapabiliriz;<\/p>\n<ul>\n<li>Tuvaletlerin vakum sistemleri<\/li>\n<li>D\u00fcmen sistemleri<\/li>\n<li>Direkler, bunlar\u0131n s\u00f6k\u00fclmesi ve tak\u0131lmas\u0131<\/li>\n<li>Hidrolik aksamlar<\/li>\n<li>At\u0131k su ve tatl\u0131 su tanklar\u0131<\/li>\n<li>Yak\u0131t d\u00fczenekleri<\/li>\n<li>Tutyalar<\/li>\n<li>Platformlar<\/li>\n<li>Vin\u00e7, \u0131rgat, kilit mekanizmalar\u0131<\/li>\n<\/ul>\n<p>Bu sistemlerin tamam\u0131 yatlar denize inmeden \u00f6nce ve denizden \u00e7\u0131kart\u0131l\u0131rken kontrol edilir. B\u00f6ylece denizde gerekli b\u00fct\u00fcn g\u00fcvenlik ad\u0131mlar\u0131 tamamlanm\u0131\u015f olur. \u00c7al\u0131\u015fma s\u0131ras\u0131nda sorun \u00e7\u0131kartan bir par\u00e7an\u0131n ise ar\u0131za belirtileri ortaya \u00e7\u0131kar \u00e7\u0131kmaz tamirat\u0131n\u0131n yap\u0131lmas\u0131 gerekir. G\u00f6r\u00fcld\u00fc\u011f\u00fc gibi mekanik sistemler kapsam\u0131nda olan b\u00fct\u00fcn par\u00e7alar ar\u0131za ve bak\u0131m noktas\u0131nda profesyonel bir bak\u0131\u015f ile incelenmesi gereken par\u00e7alard\u0131r.<\/p>\n<p>Uzman Servis Personeli<\/p>\n<p>Denize olan ba\u011f\u0131 ile deniz ula\u015f\u0131m\u0131n\u0131n ve keyfinin b\u00fcy\u00fck bir \u00f6nem ta\u015f\u0131d\u0131\u011f\u0131 \u00fclkemiz, ayn\u0131 zamanda uluslararas\u0131 gezilerin de u\u011frak noktalar\u0131ndan bir tanesidir. Deniz ara\u00e7lar\u0131n\u0131n g\u00fcvenli\u011finin sa\u011flanmas\u0131 ulusal ve uluslararas\u0131 kurallar ile standartlara ba\u011flanm\u0131\u015ft\u0131r. Aslan Yacht olarak servis standartlar\u0131m\u0131z\u0131 bu kurallar \u00e7er\u00e7evesinde y\u00fcr\u00fct\u00fcr\u00fcz. Ayr\u0131ca son d\u00f6nem teknoloji ile birle\u015fmi\u015f \u00fcr\u00fcnler hakk\u0131nda teknik servisimizi gerekli e\u011fitimlere tabi tutar\u0131z. Sizler de bilgi ve uzmanl\u0131\u011f\u0131n birle\u015fti\u011fi bir noktada servis alma \u015fans\u0131na sahip olursunuz.<\/p>\n<p>Her bir deniz arac\u0131n\u0131n kendisine \u00f6zel bak\u0131ma ihtiyac\u0131 vard\u0131r. Onar\u0131lacak par\u00e7alardan de\u011fi\u015fim yap\u0131lacak aksamlara kadar se\u00e7ilecek par\u00e7alar arac\u0131n modeline ve y\u0131l\u0131na uygun olarak belirlenmelidir. Bu tespitin yap\u0131labilmesi i\u00e7in ise gerekli bilgiye sahip olmak gerekir. Aksi halde uyumsuz par\u00e7alar hem monte edildikleri alanda hem de genel anlam\u0131yla yatlar\u0131n seyrinde problemlere yol a\u00e7abilirler. Denizcilik d\u00fcnyas\u0131 u\u00e7suz bucaks\u0131z bir alan\u0131 kaplar, bu alanda bilgi olmazsa g\u00fcvenlik olmaz, g\u00fcvenlik olmazsa da verim olmaz.<\/p>\n<p>Y\u0131llara Dayanan Deneyim<\/p>\n<p>Aslan Yacht, deneyimini y\u0131llardan, bilgisini ise s\u00fcrekli kendisini geli\u015ftirme prensibinden al\u0131r. Sadece periyodik bak\u0131mlar\u0131n\u0131zda de\u011fil ani geli\u015fen ar\u0131zalarda da teknik servis vererek sizlerin her noktada maksimum g\u00fcven alt\u0131nda yolunuza devam edebilmenizi sa\u011flar\u0131z. Bak\u0131m\u0131 gerekli \u015fekilde yap\u0131lmam\u0131\u015f deniz ara\u00e7lar\u0131n\u0131n hem i\u00e7indekiler hem de \u00e7evre i\u00e7in ne kadar tehlikeli oldu\u011funun fark\u0131nday\u0131z. Yatlarda kullan\u0131lan ekipmanlar modernle\u015ftik\u00e7e bilginin de g\u00fcncellenmesi gereklili\u011fi ortaya \u00e7\u0131km\u0131\u015ft\u0131r. Teknik ekibimiz dahilinde \u00e7al\u0131\u015fan b\u00fct\u00fcn personelimiz en yeni teknolojiler hakk\u0131nda bilgi sahibi olduklar\u0131 i\u00e7in yenilikleri de ka\u00e7\u0131rmad\u0131\u011f\u0131m\u0131z\u0131 rahatl\u0131kla dile getirebiliriz. \u00d6n\u00fcn\u00fczde olan uzun maviliklerde huzur i\u00e7inde hareket etmeniz, ge\u00e7irdi\u011finiz her an\u0131n tad\u0131na varabilmeniz i\u00e7in bizler her zaman sizlerin yan\u0131n\u0131zday\u0131z. Mekanik sistemler ile ilgili b\u00fct\u00fcn sorunlar\u0131n\u0131z\u0131n \u00e7\u00f6z\u00fcm\u00fcnde bizden destek alabilirsiniz.<\/p>","protected":false},"excerpt":{"rendered":"<p>Yat Mekanik Aslan Yacht olarak hidrolik, vin\u00e7, su ar\u0131tma, yak\u0131t sistemleri gibi mekanik aksamlar\u0131n periyodik bak\u0131mlar\u0131n\u0131 ve gerekli oldu\u011fu hallerde par\u00e7a de\u011fi\u015fimi ile ani ar\u0131zalarda m\u00fcdahalelerinin yap\u0131yoruz. Dilerseniz y\u0131ll\u0131k bak\u0131mlar\u0131n\u0131zda, dilerseniz ar\u0131zalarda bizden hizmet alabilirsiniz. Mekanik aksamlar denildi\u011fi zaman yatlar\u0131n hareket etmesini sa\u011flayan par\u00e7alardan g\u00fcnl\u00fck kullan\u0131ma kadar olan sistemler akla gelebilir. B\u00fct\u00fcn bu par\u00e7alar\u0131n her<\/p>\n","protected":false},"author":1,"featured_media":0,"parent":0,"menu_order":0,"comment_status":"closed","ping_status":"closed","template":"","meta":{"footnotes":""},"class_list":["post-1058","page","type-page","status-publish","hentry"],"_links":{"self":[{"href":"https:\/\/aslanyacht.com\/tr\/wp-json\/wp\/v2\/pages\/1058","targetHints":{"allow":["GET"]}}],"collection":[{"href":"https:\/\/aslanyacht.com\/tr\/wp-json\/wp\/v2\/pages"}],"about":[{"href":"https:\/\/aslanyacht.com\/tr\/wp-json\/wp\/v2\/types\/page"}],"author":[{"embeddable":true,"href":"https:\/\/aslanyacht.com\/tr\/wp-json\/wp\/v2\/users\/1"}],"replies":[{"embeddable":true,"href":"https:\/\/aslanyacht.com\/tr\/wp-json\/wp\/v2\/comments?post=1058"}],"version-history":[{"count":0,"href":"https:\/\/aslanyacht.com\/tr\/wp-json\/wp\/v2\/pages\/1058\/revisions"}],"wp:attachment":[{"href":"https:\/\/aslanyacht.com\/tr\/wp-json\/wp\/v2\/media?parent=1058"}],"curies":[{"name":"wp","href":"https:\/\/api.w.org\/{rel}","templated":true}]}}