{"id":137,"date":"2013-10-25T21:37:28","date_gmt":"2013-10-25T18:37:28","guid":{"rendered":"https:\/\/aslanyacht.com\/?page_id=137"},"modified":"2019-04-05T12:23:07","modified_gmt":"2019-04-05T09:23:07","slug":"about-us","status":"publish","type":"page","link":"https:\/\/aslanyacht.com\/tr\/about-us\/","title":{"rendered":"Hakk\u0131m\u0131zda"},"content":{"rendered":"<p>Teknolojiyi kaliteyle harmanlamay\u0131 ister misiniz?<br \/>\nPeki yat elektri\u011fi alan\u0131nda \u00fcst\u00fcn hizmete ula\u015fmay\u0131?<br \/>\nNitelikli, ba\u015far\u0131l\u0131 ve do\u011fru hizmet herkesin hakk\u0131!<br \/>\nAslan Yacht profesyonel \u00e7al\u0131\u015fma y\u00f6ntemi ve alan\u0131nda uzman ekibi ile, t\u00fcm bu beklentilerinizi kar\u015f\u0131lamak i\u00e7in geliyor. Yat elektri\u011fi konusunda \u00fcst\u00fcn performans sunan Aslan Yacht, ba\u015far\u0131l\u0131 \u00e7al\u0131\u015fmalar\u0131n\u0131 Besenzoni \u00e7at\u0131s\u0131 alt\u0131nda toplayarak konforu sizlerle bulu\u015fturuyor.<br \/>\nTecr\u00fcbe, \u00f6zveri ve yenilik\u00e7i anlay\u0131\u015f&#8230;<br \/>\nAslan Yacht d\u00fcnyas\u0131nda bunlara ve \u00e7ok daha fazlas\u0131na kolayl\u0131kla ula\u015fabilirsiniz. Kurucu Necmettin Aslan, elektrik alan\u0131ndaki deneyimlerini ve donan\u0131m\u0131n\u0131 kullan\u0131c\u0131larla bulu\u015fturmaktad\u0131r. Do\u011fru ekipman se\u00e7imi, elektrik projelerinin y\u00f6netimi, ara\u015ft\u0131rma ve kullan\u0131m k\u0131lavuzlar\u0131, teknolojik yenilikler ve \u00e7ok daha fazlas\u0131&#8230; Aslan Yacht, size daha modern bir denizcilik anlay\u0131\u015f\u0131n\u0131n kap\u0131lar\u0131n\u0131 aralamaktad\u0131r!<br \/>\nHer ge\u00e7en g\u00fcn s\u00fcrd\u00fcrd\u00fc\u011f\u00fc \u00e7al\u0131\u015fmalar\u0131n\u0131 kaliteli ba\u015far\u0131larla ta\u00e7land\u0131ran Aslan Yacht; Webasto, \u0130dromar ve Tecnicomar isimli bayilikleriyle de hizmet a\u011f\u0131n\u0131 geni\u015fletmektedir. H\u0131zl\u0131 servis ve \u00e7\u00f6z\u00fcm odakl\u0131 \u00e7al\u0131\u015fma anlay\u0131\u015f\u0131yla kullan\u0131c\u0131lar\u0131n yan\u0131nda olarak, \u00f6nc\u00fc hizmet anlay\u0131\u015f\u0131n\u0131n aranan ismi olmay\u0131 s\u00fcrd\u00fcrmektedir.<br \/>\nAslan Yacht yat elektrik hizmetlerinin alt\u0131n anahtar\u0131&#8230;<br \/>\n\u00c7al\u0131\u015fmalar\u0131nda ilk g\u00fcnk\u00fc tutkuyu ve azmi koruyan ekip, deniz teknolojilerinde sa\u011flad\u0131\u011f\u0131 deneyimleri g\u00fcvenli hizmet se\u00e7enekleriyle b\u00fct\u00fcnle\u015ftirir. Seyir sistemlerinde huzurun ve rahatl\u0131\u011f\u0131n g\u00fcvencesi olarak, kullan\u0131c\u0131lar\u0131n\u0131n memnuniyetini en \u00f6n planda tutmay\u0131 hedef saymaktad\u0131r.<br \/>\nU\u00e7suz bucaks\u0131z mavilikler \u00f6n\u00fcn\u00fczde, Aslan Yacht teknolojisi yan\u0131n\u0131zda&#8230;<br \/>\nDayan\u0131kl\u0131 \u00fcr\u00fcnleri, geni\u015f hizmet a\u011f\u0131 ve ba\u015far\u0131l\u0131 ekibiyle yeni bir \u00e7a\u011f ba\u015flatan Aslan Yacht size keyifli yolculuklar sunmak i\u00e7in haz\u0131r&#8230;<\/p>\n<p>Peki ya siz?<\/p>","protected":false},"excerpt":{"rendered":"<p>Teknolojiyi kaliteyle harmanlamay\u0131 ister misiniz? Peki yat elektri\u011fi alan\u0131nda \u00fcst\u00fcn hizmete ula\u015fmay\u0131? Nitelikli, ba\u015far\u0131l\u0131 ve do\u011fru hizmet herkesin hakk\u0131! Aslan Yacht profesyonel \u00e7al\u0131\u015fma y\u00f6ntemi ve alan\u0131nda uzman ekibi ile, t\u00fcm bu beklentilerinizi kar\u015f\u0131lamak i\u00e7in geliyor. Yat elektri\u011fi konusunda \u00fcst\u00fcn performans sunan Aslan Yacht, ba\u015far\u0131l\u0131 \u00e7al\u0131\u015fmalar\u0131n\u0131 Besenzoni \u00e7at\u0131s\u0131 alt\u0131nda toplayarak konforu sizlerle bulu\u015fturuyor. Tecr\u00fcbe, \u00f6zveri ve<\/p>\n","protected":false},"author":1,"featured_media":157,"parent":0,"menu_order":0,"comment_status":"closed","ping_status":"closed","template":"","meta":{"footnotes":""},"class_list":["post-137","page","type-page","status-publish","has-post-thumbnail","hentry"],"_links":{"self":[{"href":"https:\/\/aslanyacht.com\/tr\/wp-json\/wp\/v2\/pages\/137","targetHints":{"allow":["GET"]}}],"collection":[{"href":"https:\/\/aslanyacht.com\/tr\/wp-json\/wp\/v2\/pages"}],"about":[{"href":"https:\/\/aslanyacht.com\/tr\/wp-json\/wp\/v2\/types\/page"}],"author":[{"embeddable":true,"href":"https:\/\/aslanyacht.com\/tr\/wp-json\/wp\/v2\/users\/1"}],"replies":[{"embeddable":true,"href":"https:\/\/aslanyacht.com\/tr\/wp-json\/wp\/v2\/comments?post=137"}],"version-history":[{"count":0,"href":"https:\/\/aslanyacht.com\/tr\/wp-json\/wp\/v2\/pages\/137\/revisions"}],"wp:featuredmedia":[{"embeddable":true,"href":"https:\/\/aslanyacht.com\/tr\/wp-json\/wp\/v2\/media\/157"}],"wp:attachment":[{"href":"https:\/\/aslanyacht.com\/tr\/wp-json\/wp\/v2\/media?parent=137"}],"curies":[{"name":"wp","href":"https:\/\/api.w.org\/{rel}","templated":true}]}}