{"id":23,"date":"2013-10-15T14:06:37","date_gmt":"2013-10-15T11:06:37","guid":{"rendered":"https:\/\/aslanyacht.com\/?page_id=23"},"modified":"2015-10-24T20:10:30","modified_gmt":"2015-10-24T17:10:30","slug":"main-page","status":"publish","type":"page","link":"https:\/\/aslanyacht.com\/tr\/main-page\/","title":{"rendered":"Ana Sayfa"},"content":{"rendered":"<p>[slider margins=&#8221;-70,0,0,0&#8243; shadow=&#8221;shadow-xl&#8221; align=&#8221;aligncenter&#8221;]<\/p>\n<p>[text text_align=&#8221;text-center&#8221; size=&#8221;40&#8243; line_height=&#8221;60&#8243;]Aslan Yacht servisine ho\u015fgeldiniz.[\/text]<\/p>\n<p>[text text_align=&#8221;text-center&#8221; color=&#8221;#666&#8243; width=&#8221;880&#8243; right=&#8221;auto&#8221; left=&#8221;auto&#8221;]\u015eirket kurucusu Necmettin Aslan 2000 y\u0131l\u0131nda teknik lise ve end\u00fcstri meslek lisesinden mezun olduktan sonra 2001-2007 y\u0131llar\u0131 aras\u0131nda \u00f6zel bir firmada elektrik, elektronik, mekanik kalifiye eleman olarak deniz sekt\u00f6r\u00fcnde \u00e7al\u0131\u015fmaya ba\u015flam\u0131\u015ft\u0131r. 2007-2012 y\u0131llar\u0131 aras\u0131 yine ba\u015fka \u00f6zel bir firmada teknik at\u00f6lyeler \u015fefli\u011fi ve elektrik b\u00f6l\u00fcm\u00fc usta ba\u015f\u0131 olarak \u00e7al\u0131\u015fm\u0131\u015ft\u0131r.[\/text]<\/p>\n<p>[curved]<\/p>\n<p>[four type=&#8221;joint&#8221; height=&#8221;290&#8243;]<br \/>\n[text font=&#8221;Lucida Grande, Lucida Sans Unicode, Arial&#8221; other=&#8221;font-weight: bold;&#8221; size=&#8221;15&#8243;]Elektrik i\u015fleri[\/text]<br \/>\n[text color=&#8221;#777&#8243;]Teknelerin \u00f6n panel ve yard\u0131mc\u0131 panelleri, kontrol sistemlerin yenilenmesi, Mevcut panellerin ar\u0131za tamirleri, elektrik pompa- motorlar\u0131n bak\u0131mlar\u0131 ve genel elektrik tesisatlar\u0131.[\/text]<br \/>\n[image url=&#8221;https:\/\/aslanyacht.com\/wp-content\/themes\/supermassive\/lib\/images\/01.jpg&#8221; width=&#8221;190&#8243; height=&#8221;140&#8243; shadow=&#8221;shadow-s&#8221; left=&#8221;8&#8243; bottom=&#8221;10&#8243; align=&#8221;aligncenter&#8221;]<br \/>\n[\/four]<\/p>\n<p>[four_middle type=&#8221;joint&#8221; height=&#8221;290&#8243;]<br \/>\n[text font=&#8221;Lucida Grande, Lucida Sans Unicode, Arial&#8221; other=&#8221;font-weight: bold;&#8221; size=&#8221;15&#8243;]Su ar\u0131tma cihazlar\u0131[\/text]<br \/>\n[text color=&#8221;#777&#8243;]T\u00fcm marka deniz suyu ar\u0131tma cihazlar\u0131n\u0131n bak\u0131mlar\u0131, tamirleri, montajlar\u0131, kimyasal y\u0131kama ve k\u0131\u015flamalar\u0131, Yeni ve 2. el cihaz ve par\u00e7a temini.[\/text]<br \/>\n[image url=&#8221;https:\/\/aslanyacht.com\/wp-content\/themes\/supermassive\/lib\/images\/02.jpg&#8221; width=&#8221;190&#8243; height=&#8221;140&#8243; shadow=&#8221;shadow-s&#8221; left=&#8221;8&#8243; bottom=&#8221;10&#8243; align=&#8221;aligncenter&#8221;]<br \/>\n[\/four_middle]<\/p>\n<p>[four_middle type=&#8221;joint&#8221; height=&#8221;290&#8243;]<br \/>\n[text font=&#8221;Lucida Grande, Lucida Sans Unicode, Arial&#8221; other=&#8221;font-weight: bold;&#8221; size=&#8221;15&#8243;]Led ayd\u0131nlatma teknolojisi[\/text]<br \/>\n[text color=&#8221;#777&#8243;]Su alt\u0131 led ayd\u0131nlatma imalat\u0131. Tekne i\u00e7i y\u00fcr\u00fcme yolu ve direk led ayd\u0131nlatma imalat\u0131 ve montaj\u0131.[\/text]<\/p>\n<p>[image url=&#8221;https:\/\/aslanyacht.com\/wp-content\/themes\/supermassive\/lib\/images\/03.jpg&#8221; width=&#8221;190&#8243; height=&#8221;140&#8243; shadow=&#8221;shadow-s&#8221; left=&#8221;8&#8243; bottom=&#8221;10&#8243; align=&#8221;aligncenter&#8221;]<br \/>\n[\/four_middle]<\/p>\n<p>[four_last type=&#8221;joint&#8221; height=&#8221;290&#8243;]<br \/>\n[text font=&#8221;Lucida Grande, Lucida Sans Unicode, Arial&#8221; other=&#8221;font-weight: bold;&#8221; size=&#8221;15&#8243;]Elektronik cihaz i\u015fleri[\/text]<br \/>\n[text color=&#8221;#777&#8243;]Solar panel imalat\u0131 ve montaj\u0131. Navigasyon ve uydu sistemlerinin montaj ve bak\u0131m\u0131. Wc ve ar\u0131tma sistemleri montaj\u0131 ve bak\u0131mlar\u0131. Paserella ve crane sistemleri montaj\u0131 ve bak\u0131mlar\u0131.[\/text]<\/p>\n<p>[image url=&#8221;https:\/\/aslanyacht.com\/wp-content\/themes\/supermassive\/lib\/images\/04.jpg&#8221; width=&#8221;190&#8243; height=&#8221;140&#8243; shadow=&#8221;shadow-s&#8221; left=&#8221;8&#8243; bottom=&#8221;10&#8243; align=&#8221;aligncenter&#8221;]<br \/>\n[\/four_last]<\/p>\n<p>[clear][clear]<\/p>\n<p>[two][image shadow=&#8221;shadow-m&#8221; align=&#8221;aligncenter&#8221; url=&#8221;https:\/\/aslanyacht.com\/wp-content\/themes\/supermassive\/lib\/images\/05.jpg&#8221; width=&#8221;450&#8243; height=&#8221;318&#8243;][\/two]<\/p>\n<p>[two_last]<br \/>\n[text size=&#8221;20&#8243; width=&#8221;100%&#8221; text_align=&#8221;text-right&#8221; color=&#8221;#808080&#8243; line_height=&#8221;20&#8243;][\/text]<br \/>\n[text size=&#8221;40&#8243; width=&#8221;100%&#8221; text_align=&#8221;text-right&#8221; line_height=&#8221;40&#8243; margins=&#8221;0,0,10,0&#8243;][\/text]<\/p>\n<p>Necmettin Aslan marin elektrik sistemlerinin tasar\u0131m\u0131, kurulumu ve onar\u0131m\u0131 konusunda uzmanla\u015fm\u0131\u015f bir elektrik ustas\u0131d\u0131r. Elektrik projeleriniz konusunda, ara\u015ft\u0131rma ve kullan\u0131m k\u0131lavuzlar\u0131, \u00fcreticiler ile ba\u011flant\u0131lar ve do\u011fru ekipman se\u00e7iminini yapmak i\u00e7in size yard\u0131mc\u0131 olabilir.\u00a0 Alternat\u00f6r, reg\u00fclat\u00f6r, ak\u00fc, amper saat metre, invert\u00f6rler, \u015farj cihazlar\u0131, galvanik izolat\u00f6rler, kara elektri\u011fi, g\u00fcne\u015f enerjisi, da\u011f\u0131t\u0131m panolar\u0131, ayd\u0131nlatma ve daha fazlas\u0131 hakk\u0131nda bilgi isteyin.<\/p>\n<p>[\/two_last]<\/p>\n<p>[clear]<\/p>","protected":false},"excerpt":{"rendered":"<p>[slider margins=&#8221;-70,0,0,0&#8243; shadow=&#8221;shadow-xl&#8221; align=&#8221;aligncenter&#8221;] [text text_align=&#8221;text-center&#8221; size=&#8221;40&#8243; line_height=&#8221;60&#8243;]Aslan Yacht servisine ho\u015fgeldiniz.[\/text] [text text_align=&#8221;text-center&#8221; color=&#8221;#666&#8243; width=&#8221;880&#8243; right=&#8221;auto&#8221; left=&#8221;auto&#8221;]\u015eirket kurucusu Necmettin Aslan 2000 y\u0131l\u0131nda teknik lise ve end\u00fcstri meslek lisesinden mezun olduktan sonra 2001-2007 y\u0131llar\u0131 aras\u0131nda \u00f6zel bir firmada elektrik, elektronik, mekanik kalifiye eleman olarak deniz sekt\u00f6r\u00fcnde \u00e7al\u0131\u015fmaya ba\u015flam\u0131\u015ft\u0131r. 2007-2012 y\u0131llar\u0131 aras\u0131 yine ba\u015fka \u00f6zel bir firmada<\/p>\n","protected":false},"author":1,"featured_media":0,"parent":0,"menu_order":0,"comment_status":"closed","ping_status":"closed","template":"","meta":{"footnotes":""},"class_list":["post-23","page","type-page","status-publish","hentry"],"_links":{"self":[{"href":"https:\/\/aslanyacht.com\/tr\/wp-json\/wp\/v2\/pages\/23","targetHints":{"allow":["GET"]}}],"collection":[{"href":"https:\/\/aslanyacht.com\/tr\/wp-json\/wp\/v2\/pages"}],"about":[{"href":"https:\/\/aslanyacht.com\/tr\/wp-json\/wp\/v2\/types\/page"}],"author":[{"embeddable":true,"href":"https:\/\/aslanyacht.com\/tr\/wp-json\/wp\/v2\/users\/1"}],"replies":[{"embeddable":true,"href":"https:\/\/aslanyacht.com\/tr\/wp-json\/wp\/v2\/comments?post=23"}],"version-history":[{"count":0,"href":"https:\/\/aslanyacht.com\/tr\/wp-json\/wp\/v2\/pages\/23\/revisions"}],"wp:attachment":[{"href":"https:\/\/aslanyacht.com\/tr\/wp-json\/wp\/v2\/media?parent=23"}],"curies":[{"name":"wp","href":"https:\/\/api.w.org\/{rel}","templated":true}]}}