{"id":341,"date":"2017-08-11T09:44:16","date_gmt":"2017-08-11T09:44:16","guid":{"rendered":"http:\/\/demos.pixelatethemes.com\/psychology\/?page_id=341"},"modified":"2017-08-11T09:44:16","modified_gmt":"2017-08-11T09:44:16","slug":"contact-us","status":"publish","type":"page","link":"https:\/\/aslanyacht.com\/tr\/contact-us\/","title":{"rendered":"Contact Us"},"content":{"rendered":"<p>[vc_row el_class=&#8221;contentPadding&#8221;][vc_column el_class=&#8221;contentTitle normall&#8221;][vc_custom_heading text=&#8221;Get in touch&#8221; font_container=&#8221;tag:h2|font_size:32px|text_align:center|color:%23242424|line_height:36px&#8221; google_fonts=&#8221;&#8221; el_class=&#8221;h2 as&#8221;][vc_column_text]<\/p>\n<p style=\"text-align: center;\">Lorem Ipsum is simply text of the Lorem Ipsum is simply my text of the printing and Ipsum is simply text of the Ipsum is simply text of thetypesetting Ipsum is simply text of the stry simply dummy text of the printing and typesetting industry.<\/p>\n<div class=\"emptySpace50 emptySpace-xs30\"><\/div>\n<p>[\/vc_column_text][vc_row_inner][vc_column_inner el_class=&#8221;responsive-sets-contact&#8221; width=&#8221;2\/3&#8243;]<p class=\"wpcf7-contact-form-not-found\"><strong>Hata:<\/strong> \u0130leti\u015fim formu bulunamad\u0131.<\/p>[\/vc_column_inner][vc_column_inner el_class=&#8221;responsive-sets-contact&#8221; width=&#8221;1\/3&#8243;][wpb_contact_info address_first_row=&#8221;5400 N. San Francisco, CA&#8221; first_email=&#8221;info@wpboat.com&#8221; contact_number=&#8221;+ 1800 123 2487&#8243;][\/vc_column_inner][\/vc_row_inner][vc_column_text]<\/p>\n<div class=\"emptySpace20\"><\/div>\n<p>[\/vc_column_text][\/vc_column][\/vc_row][vc_row full_width=&#8221;stretch_row_content_no_spaces&#8221;][vc_column][vc_gmaps link=&#8221;#E-8_JTNDaWZyYW1lJTIwc3JjJTNEJTIyaHR0cHMlM0ElMkYlMkZ3d3cuZ29vZ2xlLmNvbSUyRm1hcHMlMkZlbWJlZCUzRnBiJTNEJTIxMW0xOCUyMTFtMTIlMjExbTMlMjExZDYzMDQuODI5OTg2MTMxMjcxJTIxMmQtMTIyLjQ3NDY5NjgwMzMwOTIlMjEzZDM3LjgwMzc0NzUyMTYwNDQzJTIxMm0zJTIxMWYwJTIxMmYwJTIxM2YwJTIxM20yJTIxMWkxMDI0JTIxMmk3NjglMjE0ZjEzLjElMjEzbTMlMjExbTIlMjExczB4ODA4NTg2ZTYzMDI2MTVhMSUyNTNBMHg4NmJkMTMwMjUxNzU3YzAwJTIxMnNTdG9yZXklMkJBdmUlMjUyQyUyQlNhbiUyQkZyYW5jaXNjbyUyNTJDJTJCQ0ElMkI5NDEyOSUyMTVlMCUyMTNtMiUyMTFzZW4lMjEyc3VzJTIxNHYxNDM1ODI2NDMyMDUxJTIyJTIwd2lkdGglM0QlMjI2MDAlMjIlMjBoZWlnaHQlM0QlMjI0NTAlMjIlMjAlMjBzdHlsZSUzRCUyMmJvcmRlciUzQTAlMjIlMjBhbGxvd2Z1bGxzY3JlZW4lM0UlM0MlMkZpZnJhbWUlM0U=&#8221;][\/vc_column][\/vc_row]<\/p>\n","protected":false},"excerpt":{"rendered":"<p>[vc_row el_class=&#8221;contentPadding&#8221;][vc_column el_class=&#8221;contentTitle normall&#8221;][vc_custom_heading text=&#8221;Get in touch&#8221; font_container=&#8221;tag:h2|font_size:32px|text_align:center|color:%23242424|line_height:36px&#8221; google_fonts=&#8221;&#8221; el_class=&#8221;h2 as&#8221;][vc_column_text] Lorem Ipsum is simply text of the Lorem Ipsum is simply my text of the printing and Ipsum is simply text of the Ipsum is simply text of thetypesetting Ipsum is simply text of the stry simply dummy text of the printing and typesetting<\/p>\n","protected":false},"author":1,"featured_media":0,"parent":0,"menu_order":0,"comment_status":"closed","ping_status":"closed","template":"","meta":{"footnotes":""},"class_list":["post-341","page","type-page","status-publish","hentry"],"_links":{"self":[{"href":"https:\/\/aslanyacht.com\/tr\/wp-json\/wp\/v2\/pages\/341","targetHints":{"allow":["GET"]}}],"collection":[{"href":"https:\/\/aslanyacht.com\/tr\/wp-json\/wp\/v2\/pages"}],"about":[{"href":"https:\/\/aslanyacht.com\/tr\/wp-json\/wp\/v2\/types\/page"}],"author":[{"embeddable":true,"href":"https:\/\/aslanyacht.com\/tr\/wp-json\/wp\/v2\/users\/1"}],"replies":[{"embeddable":true,"href":"https:\/\/aslanyacht.com\/tr\/wp-json\/wp\/v2\/comments?post=341"}],"version-history":[{"count":0,"href":"https:\/\/aslanyacht.com\/tr\/wp-json\/wp\/v2\/pages\/341\/revisions"}],"wp:attachment":[{"href":"https:\/\/aslanyacht.com\/tr\/wp-json\/wp\/v2\/media?parent=341"}],"curies":[{"name":"wp","href":"https:\/\/api.w.org\/{rel}","templated":true}]}}