{"id":501,"date":"2017-08-11T10:18:48","date_gmt":"2017-08-11T10:18:48","guid":{"rendered":"http:\/\/demos.pixelatethemes.com\/psychology\/?page_id=501"},"modified":"2019-08-07T11:20:54","modified_gmt":"2019-08-07T08:20:54","slug":"home-page-2","status":"publish","type":"page","link":"https:\/\/aslanyacht.com\/tr\/","title":{"rendered":"Ana sayfa"},"content":{"rendered":"<p>[vc_row full_width=&#8221;stretch_row_content_no_spaces&#8221;][vc_column][vc_column_text]\n\t\t\t<!-- START slider1 REVOLUTION SLIDER 6.6.18 --><p class=\"rs-p-wp-fix\"><\/p>\n\t\t\t<rs-module-wrap id=\"rev_slider_1_1_wrapper\" data-source=\"gallery\" style=\"visibility:hidden;background:transparent;padding:0;margin:0px auto;margin-top:0;margin-bottom:0;\">\n\t\t\t\t<rs-module id=\"rev_slider_1_1\" style=\"\" data-version=\"6.6.18\">\n\t\t\t\t\t<rs-slides style=\"overflow: hidden; position: absolute;\">\n\t\t\t\t\t\t<rs-slide style=\"position: absolute;\" data-key=\"rs-1\" data-title=\"Slide\" data-anim=\"adpr:false;\">\n\t\t\t\t\t\t\t<img decoding=\"async\" src=\"\/\/aslanyacht.com\/wp-content\/plugins\/revslider\/public\/assets\/assets\/dummy.png\" alt=\"\" title=\"Ana sayfa\" class=\"rev-slidebg tp-rs-img rs-lazyload\" data-lazyload=\"\/\/aslanyacht.com\/wp-content\/uploads\/2018\/06\/hghg.png\" data-no-retina>\n<!---->\t\t\t\t\t\t<\/rs-slide>\n\t\t\t\t\t\t<rs-slide style=\"position: absolute;\" data-key=\"rs-4\" data-title=\"Slide\" data-anim=\"adpr:false;\">\n\t\t\t\t\t\t\t<img decoding=\"async\" src=\"\/\/aslanyacht.com\/wp-content\/plugins\/revslider\/public\/assets\/assets\/dummy.png\" alt=\"\" title=\"Ana sayfa\" class=\"rev-slidebg tp-rs-img rs-lazyload\" data-lazyload=\"\/\/aslanyacht.com\/wp-content\/uploads\/2018\/06\/slide-2.jpg\" data-no-retina>\n<!---->\t\t\t\t\t\t<\/rs-slide>\n\t\t\t\t\t\t<rs-slide style=\"position: absolute;\" data-key=\"rs-5\" data-title=\"Slide\" data-anim=\"adpr:false;\">\n\t\t\t\t\t\t\t<img decoding=\"async\" src=\"\/\/aslanyacht.com\/wp-content\/plugins\/revslider\/public\/assets\/assets\/dummy.png\" alt=\"\" title=\"Ana sayfa\" class=\"rev-slidebg tp-rs-img rs-lazyload\" data-lazyload=\"\/\/aslanyacht.com\/wp-content\/uploads\/2018\/06\/hghg.png\" data-no-retina>\n<!---->\t\t\t\t\t\t<\/rs-slide>\n\t\t\t\t\t\t<rs-slide style=\"position: absolute;\" data-key=\"rs-6\" data-title=\"Slide\" data-anim=\"adpr:false;\">\n\t\t\t\t\t\t\t<img decoding=\"async\" src=\"\/\/aslanyacht.com\/wp-content\/plugins\/revslider\/public\/assets\/assets\/dummy.png\" alt=\"\" title=\"Ana sayfa\" class=\"rev-slidebg tp-rs-img rs-lazyload\" data-lazyload=\"\/\/aslanyacht.com\/wp-content\/uploads\/2018\/06\/slide-1.jpg\" data-no-retina>\n<!---->\t\t\t\t\t\t<\/rs-slide>\n\t\t\t\t\t<\/rs-slides>\n\t\t\t\t<\/rs-module>\n\t\t\t\t<script>\n\t\t\t\t\tsetREVStartSize({c: 'rev_slider_1_1',rl:[1240,1024,778,480],el:[],gw:[1240],gh:[868],type:'standard',justify:'',layout:'fullwidth',mh:\"0\"});if (window.RS_MODULES!==undefined && window.RS_MODULES.modules!==undefined && window.RS_MODULES.modules[\"revslider11\"]!==undefined) {window.RS_MODULES.modules[\"revslider11\"].once = false;window.revapi1 = undefined;if (window.RS_MODULES.checkMinimal!==undefined) window.RS_MODULES.checkMinimal()}\n\t\t\t\t<\/script>\n\t\t\t<\/rs-module-wrap>\n\t\t\t<!-- END REVOLUTION SLIDER -->\n[\/vc_column_text][\/vc_column][\/vc_row][vc_row full_width=&#8221;stretch_row&#8221; el_class=&#8221;strip strip5&#8243; css=&#8221;.vc_custom_1502511189636{background-color: #81d742 !important;}&#8221;][vc_column width=&#8221;1\/3&#8243; el_class=&#8221;del-vc_column_pad&#8221;][vc_column_text]<\/p>\n<div id=\"single-content\">\n<div class=\"icon flaticon1-smartphone-call\"><\/div>\n<div class=\"text\">\n<h4>Bizi Aray\u0131n<\/h4>\n<p>+90 541 663 39 81<\/p>\n<\/div>\n<div class=\"line\"><\/div>\n<\/div>\n<p>[\/vc_column_text][\/vc_column][vc_column width=&#8221;5\/12&#8243; el_class=&#8221;del-vc_column_pad&#8221;][vc_column_text]<\/p>\n<div id=\"single-content\">\n<div class=\"icon flaticon1-envelope\"><\/div>\n<div class=\"text\">\n<h4>Bize E-Posta g\u00f6nderin<\/h4>\n<p>info@aslanyacht.com<\/p>\n<\/div>\n<div class=\"line\"><\/div>\n<\/div>\n<p>[\/vc_column_text][\/vc_column][vc_column width=&#8221;1\/4&#8243; el_class=&#8221;del-vc_column_pad&#8221;][vc_column_text]<\/p>\n<div id=\"single-content\">\n<div class=\"icon flaticon2-placeholder\"><\/div>\n<div class=\"text\">\n<h4>Adresimiz:<\/h4>\n<p>Bah\u00e7elievler mah. 7168 sok. no:3\/13 Turgutreis-Bodrum MU\u011eLA<\/p>\n<\/div>\n<\/div>\n<p>[\/vc_column_text][\/vc_column][\/vc_row][vc_row full_width=&#8221;stretch_row&#8221; el_class=&#8221;about2&#8243; css=&#8221;.vc_custom_1527245496415{background-image: url(https:\/\/aslanyacht.com\/wp-content\/uploads\/2018\/05\/1.png?id=758) !important;}&#8221;][vc_column el_class=&#8221;del-vc_column_pad&#8221;][vc_column_text]<\/p>\n<div class=\"about-us\">\n<div class=\"contentTitle normall\">\n<h2 class=\"text-box text-center alignnone\">Aslan Yacht servisine ho\u015fgeldiniz.<\/h2>\n<div class=\"text-box text-center alignnone\">\u015eirket kurucusu Necmettin Aslan 2000 y\u0131l\u0131nda teknik lise ve end\u00fcstri meslek lisesinden mezun olduktan sonra 2001-2007 y\u0131llar\u0131 aras\u0131nda \u00f6zel bir firmada elektrik, elektronik, mekanik kalifiye eleman olarak deniz sekt\u00f6r\u00fcnde \u00e7al\u0131\u015fmaya ba\u015flam\u0131\u015ft\u0131r. 2007-2012 y\u0131llar\u0131 aras\u0131 yine ba\u015fka \u00f6zel bir firmada teknik at\u00f6lyeler \u015fefli\u011fi ve elektrik b\u00f6l\u00fcm\u00fc usta ba\u015f\u0131 olarak \u00e7al\u0131\u015fm\u0131\u015ft\u0131r.<\/div>\n<\/div>\n<\/div>\n<p>[\/vc_column_text][\/vc_column][\/vc_row][vc_row full_width=&#8221;stretch_row&#8221; el_class=&#8221;contentPadding welcome2&#8243; css=&#8221;.vc_custom_1502518900877{background-color: #f9f7fb !important;}&#8221; el_id=&#8221;welcome2&#8243;][vc_column width=&#8221;1\/3&#8243; el_class=&#8221;del-vc_column_pad resp-f-width&#8221;][vc_single_image image=&#8221;755&#8243; img_size=&#8221;full&#8221; style=&#8221;vc_box_border_circle_2&#8243;][\/vc_column][vc_column width=&#8221;2\/3&#8243; el_class=&#8221;del-vc_column_pad resp-f-width&#8221;][vc_column_text]<\/p>\n<div id=\"welcome2\">\n<div class=\"contentTitle normall\">\n<h2 class=\"heading-title\">Hizmetlerimiz<\/h2>\n<p>Aslan marin elektrik sistemlerinin tasar\u0131m\u0131, kurulumu ve onar\u0131m\u0131 konusunda uzmanla\u015fm\u0131\u015f bir elektrik ustas\u0131d\u0131r. Elektrik projeleriniz konusunda, ara\u015ft\u0131rma ve kullan\u0131m k\u0131lavuzlar\u0131, \u00fcreticiler ile ba\u011flant\u0131lar ve do\u011fru ekipman se\u00e7iminini yapmak i\u00e7in size yard\u0131mc\u0131 olabilir.\u00a0 Alternat\u00f6r, reg\u00fclat\u00f6r, ak\u00fc, amper saat metre, invert\u00f6rler, \u015farj cihazlar\u0131, galvanik izolat\u00f6rler, kara elektri\u011fi, g\u00fcne\u015f enerjisi, da\u011f\u0131t\u0131m panolar\u0131, ayd\u0131nlatma ve daha fazlas\u0131 hakk\u0131nda bilgi isteyin.<\/p>\n<\/div>\n<div class=\"listing\">\n<div class=\"col-md-6 col-sm-6\">\n<ul>\n<li>Yat elektrik<\/li>\n<li>Yat elektronik<\/li>\n<li>Yat mekanik<\/li>\n<\/ul>\n<\/div>\n<div class=\"col-md-6 col-sm-6\">\n<ul>\n<li>Yat alternat\u00f6r, reg\u00fclat\u00f6r<\/li>\n<li>Yatlar i\u00e7in \u00f6zel su yap\u0131c\u0131<\/li>\n<li>Ve di\u011fer t\u00fcm elektrik ve mekanik i\u015fler&#8230;<\/li>\n<\/ul>\n<\/div>\n<\/div>\n<p><a class=\"button\" href=\"https:\/\/aslanyacht.com\/tr\/about-us\/\">T\u00fcm hizmetler<\/a><\/p>\n<\/div>\n<p>[\/vc_column_text][\/vc_column][\/vc_row][vc_row full_width=&#8221;stretch_row&#8221; el_class=&#8221;about2&#8243; css=&#8221;.vc_custom_1527245323968{background-image: url(https:\/\/aslanyacht.com\/wp-content\/uploads\/2018\/05\/small-yacht-sailing-on-the-sea-in-the-light-of-the-sun-sparkling-on-a-background-of-blue-sky-and-clouds_rpxzexftvl_thumbnail-full01-1.png?id=753) !important;}&#8221;][vc_column el_class=&#8221;del-vc_column_pad&#8221;][vc_column_text]<\/p>\n<div class=\"about-us\">\n<div class=\"contentTitle normall\">\n<h2>Uzman Servis Personeli<\/h2>\n<h3>Denize olan ba\u011f\u0131 ile deniz ula\u015f\u0131m\u0131n\u0131n ne keyfinin b\u00fcy\u00fck bir \u00f6nem ta\u015f\u0131d\u0131\u011f\u0131 \u00fclkemiz, ayn\u0131 zamanda uluslararas\u0131 gezilerin de u\u011frak noktalar\u0131ndan bir tanesidir.<\/h3>\n<p>Deniz ara\u00e7lar\u0131n\u0131n g\u00fcvenli\u011finin sa\u011flanmas\u0131 ulusal ve uluslararas\u0131 kurallar ile standartlara ba\u011flanm\u0131\u015ft\u0131r. Aslan Yacht olarak sevi\u015f standartlar\u0131m\u0131z\u0131 bu kurallar \u00e7er\u00e7evesinde y\u00fcr\u00fct\u00fcr\u00fcz. Ayr\u0131ca son d\u00f6nem teknoloji ile birle\u015fmi\u015f \u00fcr\u00fcnler hakk\u0131nda teknik servisimizi gerekli e\u011fitimlere tabi tutar\u0131z. Sizler de bilgi ve uzmanl\u0131\u011f\u0131n birle\u015fti\u011fi bir noktada servis alma \u015fans\u0131na sahip olursunuz.<\/p>\n<p><a class=\"button large\" href=\"https:\/\/aslanyacht.com\/tr\/authorized-sevice\/\">Devam\u0131<\/a><\/p>\n<\/div>\n<\/div>\n<p>[\/vc_column_text][\/vc_column][\/vc_row][vc_row full_width=&#8221;stretch_row&#8221; el_class=&#8221;contentPadding bottom-50 service2&#8243;][vc_column el_class=&#8221;del-vc_column_pad &#8220;][vc_row_inner][vc_column_inner el_class=&#8221;contentTitle normall&#8221;][vc_custom_heading text=&#8221;Neler Yap\u0131yoruz?&#8221; font_container=&#8221;tag:h2|font_size:28px|text_align:center|color:%23242424|line_height:36px&#8221; google_fonts=&#8221;&#8221; el_class=&#8221;as&#8221;][vc_column_text]<\/p>\n<h5 style=\"text-align: center;\"><strong>Ba\u015fl\u0131ca; <\/strong>Mekanik sistemleri s\u0131ralamak gerekirse \u015f\u00f6yle bir listeleme yapabiliriz;<\/h5>\n<div class=\"emptySpace50 emptySpace-xs30\"><\/div>\n<div class=\"chooseWrapper\">\n<div class=\"simple-article large black\">\n<p style=\"text-align: center;\">Tuvaletlerin vakum sistemleri, D\u00fcmen sistemleri, Direkler, bunlar\u0131n d\u00f6k\u00fclmesi ve tak\u0131lmas\u0131, Hidrolik aksamlar, At\u0131k su ve tatl\u0131 su tanklar\u0131, Yak\u0131t d\u00fczenekleri, Tutyalar, Platformlar, Vin\u00e7, \u0131rgat, kilit mekanizmalar\u0131&#8230;<\/p>\n<\/div>\n<p>&nbsp;<\/p>\n<\/div>\n<p>&nbsp;<\/p>\n<div class=\"emptySpace-sm30\"><\/div>\n<p>[\/vc_column_text][\/vc_column_inner][\/vc_row_inner][wpb_our_services number=&#8221;6&#8243; column=&#8221;3&#8243; readmore_text=&#8221;Devam\u0131&#8221;][\/vc_column][\/vc_row][vc_row full_width=&#8221;stretch_row&#8221; el_class=&#8221;about2&#8243; css=&#8221;.vc_custom_1527245777329{background-image: url(https:\/\/aslanyacht.com\/wp-content\/uploads\/2018\/05\/2.png?id=760) !important;}&#8221;][vc_column el_class=&#8221;del-vc_column_pad&#8221;][vc_column_text]<\/p>\n<div class=\"about-us\">\n<div class=\"contentTitle normall\">\n<h2 class=\"h2 font-28\">Mekanik Servisi<\/h2>\n<p>Tekne ve yatlar\u0131n\u0131z\u0131n g\u00fcvenli\u011fini sa\u011flamak i\u00e7in mekanik aksamlar\u0131n\u0131n d\u00fczenli olarak kontrol edilmesi ve var olan problemlere profesyonel \u00e7\u00f6z\u00fcmler getirilmesi gerekir. Mekanik sistemler ile ilgili k\u00fc\u00e7\u00fck ar\u0131zalar yat sahipleri taraf\u0131ndan giderilmeye \u00e7al\u0131\u015f\u0131lsa bile as\u0131l olan tamirat\u0131n bu konuda uzman ellere b\u0131rak\u0131lmas\u0131d\u0131r. Her bir teknenin ya da yat\u0131n \u00fcretim y\u0131l\u0131, kullan\u0131lan par\u00e7alar\u0131 ve \u00fczerinde bulunan ekipmana g\u00f6re yedek par\u00e7alar\u0131 ile tamir sistemleri farkl\u0131l\u0131k g\u00f6sterir. Yap\u0131lacak yanl\u0131\u015f bir uygulama ise gelecekte \u00e7ok daha b\u00fcy\u00fck, telafisi m\u00fcmk\u00fcn olmayan sonu\u00e7lar do\u011furabilir.<\/p>\n<p><a class=\"button large\" href=\"https:\/\/aslanyacht.com\/tr\/turkce-mekanik\/\">Devam\u0131<\/a><\/p>\n<\/div>\n<\/div>\n<p>[\/vc_column_text][\/vc_column][\/vc_row][vc_row full_width=&#8221;stretch_row&#8221; parallax=&#8221;content-moving&#8221; parallax_speed_bg=&#8221;2.5&#8243; el_class=&#8221;successful_stories contentPadding&#8221; css=&#8221;.vc_custom_1501577768280{background-color: rgba(239,239,239,0.65) !important;*background-color: rgb(239,239,239) !important;}&#8221;][vc_column width=&#8221;1\/2&#8243; el_class=&#8221;contentTitle normall del-vc_column_pad resp-f-width&#8221;][vc_custom_heading text=&#8221;Elektrik Sistemi Ar\u0131zalar\u0131&#8221; font_container=&#8221;tag:h2|font_size:28px|text_align:left|color:%23242424|line_height:36px&#8221; google_fonts=&#8221;&#8221;][vc_column_text]<\/p>\n<h3>Serviste Profesyonel \u00c7\u00f6z\u00fcm<\/h3>\n<p>Elektrik sistemlerinin kurulumu ve bak\u0131m\u0131 i\u00e7in uzun y\u0131llard\u0131r g\u00fcvenle hizmet veren Aslan Yacht olarak profesyonel \u00e7\u00f6z\u00fcmler \u00fcretmenin ne kadar \u00f6nemli oldu\u011funun bilincindeyiz. Deniz \u00fczerinde olman\u0131n keyfi ancak g\u00fcvenli\u011fe dair bir kusur olmad\u0131\u011f\u0131 zaman al\u0131nabilir. Seyir ya da mola s\u0131ras\u0131nda \u00e7\u0131kabilecek bir elektrik ar\u0131zas\u0131 arac\u0131n hareket kabiliyetinin etkilenmesinden ba\u015flayarak \u00e7ok daha ciddi sorunlara yol a\u00e7abilir. \u00d6zellikle seyir s\u0131ras\u0131nda bu \u00e7e\u015fit bir aksamay\u0131 ya\u015famay\u0131 hi\u00e7 kimse istemez. Teknenin elektrik sisteminin ar\u0131zalanmas\u0131 demek yang\u0131na kadar giden sorunlar\u0131n ya\u015fanabilece\u011fi anlam\u0131na gelebilir. Teknik servis konusunda i\u015finin ehli ki\u015filerden hizmet alman\u0131z sorun ya\u015faman\u0131z\u0131n da \u00f6n\u00fcne ge\u00e7ecektir.<\/p>\n<p><a class=\"button large\" href=\"https:\/\/aslanyacht.com\/tr\/yat-elektrik\/\">Devam\u0131..<\/a>[\/vc_column_text][\/vc_column][vc_column width=&#8221;1\/2&#8243; el_class=&#8221;del-vc_column_pad resp-f-width&#8221;][vc_single_image image=&#8221;1067&#8243; img_size=&#8221;full&#8221; alignment=&#8221;right&#8221; el_class=&#8221;image&#8221;][\/vc_column][\/vc_row][vc_row full_width=&#8221;stretch_row&#8221; css=&#8221;.vc_custom_1528691486413{background-image: url(https:\/\/aslanyacht.com\/wp-content\/uploads\/2018\/06\/parallax5-1.jpg?id=868) !important;}&#8221; el_class=&#8221;why_us&#8221;][vc_column width=&#8221;1\/3&#8243; el_class=&#8221;del-vc_column_pad chooseWrapper resp-f-width&#8221;][vc_custom_heading text=&#8221;Yetkili servisliklerimiz&#8230;<\/p>\n<p>&#8221; font_container=&#8221;tag:h3|font_size:28px|text_align:left|color:%23ffffff|line_height:32px&#8221; google_fonts=&#8221;&#8221; el_class=&#8221;as&#8221;][vc_column_text][\/vc_column_text][\/vc_column][vc_column width=&#8221;2\/3&#8243; el_class=&#8221;del-vc_column_pad resp-f-width&#8221;][vc_column_text]<\/p>\n<div class=\"chooseBlockWrapper\">\n<div class=\"col-sm-6\">\n<p><!-- Choose block1-START --><\/p>\n<div class=\"chooseBlock\">\n<div class=\"cell-view\">\n<div class=\"block\">\n<div class=\"blockContent normall\">\n<h6 class=\"h6 as\"><span style=\"color: white;\"><a href=\"#\">Idromar<\/a><\/span><\/h6>\n<p><span style=\"color: white;\">Idromar ters ozmoz tuz giderici, \u0130talya\u2019n\u0131n lider su yap\u0131c\u0131 markas\u0131d\u0131r. Bu \u00fcniteler, 65 l\/sa\u2019dan ba\u015flamakta olup her t\u00fcrl\u00fc titizlik isteyen ihtiyaca g\u00f6re \u00fcretilebilir&#8230;<\/span><\/p>\n<\/div>\n<\/div>\n<\/div>\n<\/div>\n<p><!-- Choose block2-END --><\/p>\n<\/div>\n<div class=\"col-sm-6\">\n<p><!-- Choose block2-START --><\/p>\n<div class=\"chooseBlock\">\n<div class=\"cell-view\">\n<div class=\"block\">\n<div class=\"blockContent normall\">\n<h6 class=\"h6 as\"><span style=\"color: white;\"><a href=\"#\">Besenzoni<\/a><\/span><\/h6>\n<p><span style=\"color: white;\">Arkas\u0131na 40 y\u0131ld\u0131r itici g\u00fc\u00e7 olarak gelene\u011fi ve yenilik\u00e7ili\u011fi alan bu \u015firket, tasar\u0131ma g\u00f6sterilen \u00f6zen ve esteti\u011fi yo\u011fun ara\u015ft\u0131rma-geli\u015ftirme \u00e7al\u0131\u015fmalar\u0131yla ba\u015far\u0131l\u0131 bir \u015fekilde birle\u015ftirmi\u015ftir&#8230;.<\/span><\/p>\n<\/div>\n<\/div>\n<\/div>\n<\/div>\n<p><!-- Choose block2-END --><\/p>\n<\/div>\n<div class=\"col-sm-6\">\n<p><!-- Choose block3-START --><\/p>\n<div class=\"chooseBlock\">\n<div class=\"cell-view\">\n<div class=\"block\">\n<div class=\"blockContent normall\">\n<h6 class=\"h6 as\"><span style=\"color: white;\"><a href=\"#\">Victron Energy<\/a><\/span><\/h6>\n<p><span style=\"color: white;\">Victron Energy \u00fcr\u00fcnleri, sin\u00fcs dalga inverterleri, sin\u00fcs dalga inverterleri\/\u015farj cihazlar\u0131, ak\u00fc \u015farj cihazlar\u0131, DC\/DC konverterler, aktar\u0131m \u015falterleri, ak\u00fc g\u00f6stergeleri ve di\u011fer \u00fcr\u00fcnleri kapsamaktad\u0131r&#8230;.<\/span><\/p>\n<\/div>\n<\/div>\n<\/div>\n<\/div>\n<p><!-- Choose block3-END --><\/p>\n<\/div>\n<div class=\"col-sm-6\">\n<p><!-- Choose block4-START --><\/p>\n<div class=\"chooseBlock\">\n<div class=\"cell-view\">\n<div class=\"block\">\n<div class=\"blockContent normall\">\n<h6 class=\"h6 as\"><span style=\"color: white;\"><a href=\"#\">Zipwake<\/a><\/span><\/h6>\n<p><span style=\"color: white;\">Zipwake <em>\u201cdinamik trim kontrol sistemi\u201d<\/em>, ileri teknolojisi ve h\u0131zl\u0131 hareket eden intersept\u00f6rleri ile kay\u0131c\u0131 ve yar\u0131-kay\u0131c\u0131 teknelerin bilinen t\u00fcm trim problemlerine ekonomik bir \u00e7\u00f6z\u00fcm \u00fcretmektedir &#8230;<\/span><\/p>\n<\/div>\n<\/div>\n<\/div>\n<\/div>\n<\/div>\n<\/div>\n<p>[\/vc_column_text][\/vc_column][\/vc_row][vc_row full_width=&#8221;stretch_row&#8221; el_class=&#8221;contentPadding&#8221; css=&#8221;.vc_custom_1501577801814{background-color: rgba(239,239,239,0.65) !important;*background-color: rgb(239,239,239) !important;}&#8221;][vc_column][vc_row_inner][vc_column_inner el_class=&#8221;contentTitle normall&#8221;][vc_custom_heading text=&#8221;Yetkili Servislikler&#8221; font_container=&#8221;tag:h3|font_size:28px|text_align:center|color:%23242424|line_height:32px&#8221; google_fonts=&#8221;&#8221; el_class=&#8221;h3 as&#8221;][wpb_news readmore_text=&#8221;Devam\u0131&#8230;&#8221;][\/vc_column_inner][\/vc_row_inner][\/vc_column][\/vc_row][vc_row full_width=&#8221;stretch_row&#8221; el_class=&#8221;online_appoint&#8221; css=&#8221;.vc_custom_1528691311431{background-image: url(https:\/\/aslanyacht.com\/wp-content\/uploads\/2018\/06\/contactus-background-1.png?id=864) !important;}&#8221;][vc_column][vc_custom_heading text=&#8221;bize yaz\u0131n&#8230;&#8221; font_container=&#8221;tag:h2|text_align:center|color:%23ffffff&#8221; google_fonts=&#8221;&#8221; subtitle_color=&#8221;#ffffff&#8221; subtitle=&#8221;Bize ula\u015f\u0131n!&#8221;][vc_empty_space height=&#8221;70px&#8221;][vc_column_text]<div style=\"display:none\" class=\"fm-form-container fm-theme9\"><div id=\"fm-pages1\" class=\"fm-pages wdform_page_navigation \" show_title=\"\" show_numbers=\"1\" type=\"none\"><\/div><form name=\"form1\" action=\"\/tr\/wp-json\/wp\/v2\/pages\/501\" method=\"post\" id=\"form1\" class=\"fm-form form1  \" enctype=\"multipart\/form-data\"><input type=\"hidden\" id=\"fm_page_id1\" value=\"501\" name=\"fm_page_id1\" \/><input type=\"hidden\" id=\"fm_current_post_type1\" value=\"page\" name=\"fm_current_post_type1\" \/><input type=\"hidden\" id=\"counter1\" value=\"6\" name=\"counter1\" \/><input type=\"hidden\" id=\"Itemid1\" value=\"\" name=\"Itemid1\" \/><input type=\"hidden\" id=\"fm_shake1\" value=\"1\" name=\"fm_shake1\" \/><input type=\"text\" class=\"fm-hide\" id=\"fm_empty_field_validation1\" value=\"\" name=\"fm_empty_field_validation1\" data-value=\"bd736efb144d599cf463541431fbf5c4\" \/><div class=\"wdform-page-and-images fm-form-builder\"><div id=\"1form_view1\" class=\"wdform_page\" page_title=\"Untitled page\" next_title=\"Next\" next_type=\"text\" next_class=\"wdform-page-button\" next_checkable=\"true\" previous_title=\"Previous\" previous_type=\"text\" previous_class=\"wdform-page-button\" previous_checkable=\"false\"><div class=\"wdform_section\"><div class=\"wdform_column\"><div wdid=\"2\" class=\"wdform_row\"><div type=\"type_text\" class=\"wdform-field wd-width-100 wd-flex wd-flex-column fm-type_text\" ><div class=\"wdform-label-section wd-width-100  wd-flex-row wd-align-items-center\">    <label  for=\"wdform_2_element1\" class=\"wdform-label\">\u0130sim Soyisim<\/label><span class=\"wdform-required\">*<\/span><\/div><div class=\"wdform-element-section wd-flex  wd-flex-row wd-align-items-center wd-width-100\" ><input type=\"text\"                           class=\"wd-width-100\"                           id=\"wdform_2_element1\"                           name=\"wdform_2_element1\"                           value=\"\"                           data-value=\"\"                           title=\"\"                           placeholder=\"\"                                                       \/><\/div><\/div><\/div><\/div><div class=\"wdform_column\"><div wdid=\"3\" class=\"wdform_row\"><div type=\"type_submitter_mail\" class=\"wdform-field wd-width-100 wd-flex wd-flex-column fm-type_submitter_mail\" ><div class=\"wdform-label-section wd-width-100  wd-flex-row\">    <label  for=\"wdform_3_element1\" class=\"wdform-label\">E-Posta<\/label><span class=\"wdform-required\">*<\/span><\/div><div class=\"wdform-element-section wd-flex  wd-flex-row wd-width-100\" ><input type=\"text\" class=\"wd-width-100\" id=\"wdform_3_element1\" name=\"wdform_3_element1\" data-value=\"\" value=\"\" title=\"\" placeholder=\"\"   onchange=\"wd_check_email('3', '1', 'Bu ge\u00e7erli bir e-posta adresi de\u011fil.')\" \/><\/div><\/div><\/div><\/div><div class=\"wdform_column\"><div wdid=\"4\" class=\"wdform_row\"><div type=\"type_text\" class=\"wdform-field wd-width-100 wd-flex wd-flex-column fm-type_text\" ><div class=\"wdform-label-section wd-width-100  wd-flex-row wd-align-items-center\">    <label  for=\"wdform_4_element1\" class=\"wdform-label\">Telefon<\/label><span class=\"wdform-required\">*<\/span><\/div><div class=\"wdform-element-section wd-flex  wd-flex-row wd-align-items-center wd-width-100\" ><input type=\"text\"                           class=\"wd-width-100\"                           id=\"wdform_4_element1\"                           name=\"wdform_4_element1\"                           value=\"\"                           data-value=\"\"                           title=\"\"                           placeholder=\"\"                                                       \/><\/div><\/div><\/div><\/div><div class=\"wdform_column\"><div wdid=\"5\" class=\"wdform_row\"><div type=\"type_textarea\" class=\"wdform-field wd-width-100 wd-flex wd-flex-column fm-type_textarea\" ><div class=\"wdform-label-section wd-width-100 \">    <label  for=\"wdform_5_element1\" class=\"wdform-label\">Mesaj<\/label><span class=\"wdform-required\">*<\/span><\/div><div class=\"wdform-element-section wd-flex  wd-width-100\" ><textarea class=\"wd-width-100\"                      id=\"wdform_5_element1\"                      name=\"wdform_5_element1\"                      placeholder=\"\"                      data-value=\"\"                      maxlength=\"\"                      style=\"height: 100px;\"                      ><\/textarea><\/div><\/div><\/div><\/div><div class=\"wdform_column\"><div wdid=\"1\" class=\"wdform_row\"><div type=\"type_submit_reset\" class=\"wdform-field wd-width-100 wd-flex wd-flex-column fm-type_submit_reset\" ><div class=\"wdform-element-section wd-flex  wd-flex-row wd-justify-content-left wd-width-100\" ><button  type=\"button\" class=\"button-submit\" onclick=\"fm_submit_form('1');\"  data-ajax=\"0\"><span class=\"fm-submit-loading spinner fm-ico-spinner\"><\/span>G\u00f6nder<\/button><button  type=\"button\" class=\"button-reset wd-hidden\" onclick=\"fm_reset_form(1);\" >Reset<\/button><\/div><\/div><\/div><\/div><\/div><div valign=\"top\" class=\"wdform_footer wd-width-100\"><div class=\"wd-width-100\"><div class=\"wd-width-100 wd-table\" style=\"padding-top:10px;\"><div class=\"wd-table-group\"><div id=\"1page_nav1\" class=\"wd-table-row\"><\/div><\/div><\/div><\/div><\/div><\/div><\/div><div class=\"wdform_preload\"><\/div><input type=\"hidden\" name=\"fm-current-page\" value=\"https:\/\/aslanyacht.com\/tr\/wp-json\/wp\/v2\/pages\/501\" \/><\/form><\/div>[\/vc_column_text][\/vc_column][\/vc_row][vc_row full_width=&#8221;stretch_row&#8221; el_class=&#8221;appointWrapper&#8221; css=&#8221;.vc_custom_1501578164927{background-color: #a2ba2a !important;}&#8221;][vc_column width=&#8221;2\/3&#8243; el_class=&#8221;del-vc_column_pad&#8221;][vc_column_text]<\/p>\n<div class=\"appoinContent\">\n<div class=\"simple-article light\">\n<p>Yat elektrik \/ elektronik ve mekanik ile ilgili galerimizi ziyaret edin!<\/p>\n<\/div>\n<\/div>\n<p>[\/vc_column_text][\/vc_column][vc_column width=&#8221;1\/3&#8243; el_class=&#8221;del-vc_column_pad&#8221;][vc_column_text]<\/p>\n<div class=\"btnAlign\"><a class=\"button btnStyle3\" href=\"https:\/\/aslanyacht.com\/tr\/gallery\/\">Galeri<\/a><\/div>\n<p>[\/vc_column_text][\/vc_column][\/vc_row]<\/p>","protected":false},"excerpt":{"rendered":"<p>[vc_row full_width=&#8221;stretch_row_content_no_spaces&#8221;][vc_column][vc_column_text][\/vc_column_text][\/vc_column][\/vc_row][vc_row full_width=&#8221;stretch_row&#8221; el_class=&#8221;strip strip5&#8243; css=&#8221;.vc_custom_1502511189636{background-color: #81d742 !important;}&#8221;][vc_column width=&#8221;1\/3&#8243; el_class=&#8221;del-vc_column_pad&#8221;][vc_column_text] Bizi Aray\u0131n +90 541 663 39 81 [\/vc_column_text][\/vc_column][vc_column width=&#8221;5\/12&#8243; el_class=&#8221;del-vc_column_pad&#8221;][vc_column_text] Bize E-Posta g\u00f6nderin info@aslanyacht.com [\/vc_column_text][\/vc_column][vc_column width=&#8221;1\/4&#8243; el_class=&#8221;del-vc_column_pad&#8221;][vc_column_text] Adresimiz: Bah\u00e7elievler mah. 7168 sok. no:3\/13 Turgutreis-Bodrum MU\u011eLA [\/vc_column_text][\/vc_column][\/vc_row][vc_row full_width=&#8221;stretch_row&#8221; el_class=&#8221;about2&#8243; css=&#8221;.vc_custom_1527245496415{background-image: url(https:\/\/aslanyacht.com\/wp-content\/uploads\/2018\/05\/1.png?id=758) !important;}&#8221;][vc_column el_class=&#8221;del-vc_column_pad&#8221;][vc_column_text] Aslan Yacht servisine ho\u015fgeldiniz. \u015eirket kurucusu Necmettin Aslan 2000 y\u0131l\u0131nda teknik lise ve<\/p>\n","protected":false},"author":1,"featured_media":0,"parent":0,"menu_order":0,"comment_status":"closed","ping_status":"closed","template":"","meta":{"footnotes":""},"class_list":["post-501","page","type-page","status-publish","hentry"],"_links":{"self":[{"href":"https:\/\/aslanyacht.com\/tr\/wp-json\/wp\/v2\/pages\/501","targetHints":{"allow":["GET"]}}],"collection":[{"href":"https:\/\/aslanyacht.com\/tr\/wp-json\/wp\/v2\/pages"}],"about":[{"href":"https:\/\/aslanyacht.com\/tr\/wp-json\/wp\/v2\/types\/page"}],"author":[{"embeddable":true,"href":"https:\/\/aslanyacht.com\/tr\/wp-json\/wp\/v2\/users\/1"}],"replies":[{"embeddable":true,"href":"https:\/\/aslanyacht.com\/tr\/wp-json\/wp\/v2\/comments?post=501"}],"version-history":[{"count":0,"href":"https:\/\/aslanyacht.com\/tr\/wp-json\/wp\/v2\/pages\/501\/revisions"}],"wp:attachment":[{"href":"https:\/\/aslanyacht.com\/tr\/wp-json\/wp\/v2\/media?parent=501"}],"curies":[{"name":"wp","href":"https:\/\/api.w.org\/{rel}","templated":true}]}}