{"id":510,"date":"2017-08-11T12:50:28","date_gmt":"2017-08-11T12:50:28","guid":{"rendered":"http:\/\/demos.pixelatethemes.com\/psychology\/?page_id=510"},"modified":"2017-08-11T12:50:28","modified_gmt":"2017-08-11T12:50:28","slug":"home-page-3","status":"publish","type":"page","link":"https:\/\/aslanyacht.com\/tr\/home-page-3\/","title":{"rendered":"Home Page 3"},"content":{"rendered":"<p>[vc_row full_width=&#8221;stretch_row_content_no_spaces&#8221; el_class=&#8221;margin-top-slider&#8221;][vc_column][vc_column_text]\t\t\t<rs-module-wrap id=\"rev_slider_error_1_wrapper\">\n\t\t\t\t<rs-module id=\"rev_slider_error_1\">\n\t\t\t\t\t<div class=\"rs_error_message_box\">\n\t\t\t\t\t\t<div class=\"rs_error_message_oops\">There is nothing to show here!<\/div>\n\t\t\t\t\t\t<div class=\"rs_error_message_content\">Slider with alias home4 not found.<\/div>\n\t\t\t\t\t<\/div>\n\t\t\t\t<\/rs-module>\n\t\t\t<\/rs-module-wrap>\n\t\t\t<script>\n\t\t\t\tvar rs_eslider = document.getElementById(\"rev_slider_error_1\");\n\t\t\t\trs_eslider.style.display = \"none\";\n\t\t\t\tconsole.log(\"Slider with alias home4 not found.\");\n\t\t\t<\/script>\n[\/vc_column_text][\/vc_column][\/vc_row][vc_row full_width=&#8221;stretch_row&#8221; el_class=&#8221;strip strip5&#8243; css=&#8221;.vc_custom_1502511189636{background-color: #81d742 !important;}&#8221;][vc_column width=&#8221;1\/3&#8243; el_class=&#8221;del-vc_column_pad&#8221;][vc_column_text]<\/p>\n<div id=\"single-content\">\n<div class=\"icon flaticon1-smartphone-call\"><\/div>\n<div class=\"text\">\n<h4>Toll Free No.<\/h4>\n<p>1800 654 1234<\/p>\n<\/div>\n<div class=\"line\"><\/div>\n<\/div>\n<p>[\/vc_column_text][\/vc_column][vc_column width=&#8221;5\/12&#8243; el_class=&#8221;del-vc_column_pad&#8221;][vc_column_text]<\/p>\n<div id=\"single-content\">\n<div class=\"icon flaticon1-envelope\"><\/div>\n<div class=\"text\">\n<h4>send us mail<\/h4>\n<p>info@wpboat.com<\/p>\n<\/div>\n<div class=\"line\"><\/div>\n<\/div>\n<p>[\/vc_column_text][\/vc_column][vc_column width=&#8221;1\/4&#8243; el_class=&#8221;del-vc_column_pad&#8221;][vc_column_text]<\/p>\n<div id=\"single-content\">\n<div class=\"icon flaticon2-placeholder\"><\/div>\n<div class=\"text\">\n<h4>Our location<\/h4>\n<p>123, Orlando Street, FL<\/p>\n<\/div>\n<\/div>\n<p>[\/vc_column_text][\/vc_column][\/vc_row][vc_row full_width=&#8221;stretch_row&#8221; el_class=&#8221;welcome3 contentPadding&#8221;][vc_column width=&#8221;1\/2&#8243; el_class=&#8221;resp-f-width&#8221;][vc_column_text]<\/p>\n<div class=\"contentTitle normall\">\n<h2 class=\"h2 as\">Welcome to Yacht Rental<\/h2>\n<h3>It is a long established fact that a reader will be distracted by the readable content of a page layout.<\/h3>\n<p>Lorem Ipsum is that it has a more-or-less normal distribution of letters, as opposed to using &#8216;Content here, content here&#8217;, making it look like readable English. Many desktop publishing packages and web page editors now use Lorem Ipsum as their default model text, and a search for &#8216;lorem ipsum&#8217; will uncover many web sites still in their infancy.<\/p>\n<p>Various versions have evolved over the years, sometimes by accident, sometimes on purpose (injected humour and the like).<\/p>\n<p>Lorem Ipsum as their default model text, and a search for &#8216;lorem ipsum&#8217; will uncover many web sites still in their infancy. Various versions have evolved over the years, sometimes by accident, sometimes on purpose (injected humour and the like).<\/p>\n<\/div>\n<p><a class=\"button\" href=\"#\">About Us<\/a>[\/vc_column_text][\/vc_column][vc_column width=&#8221;1\/2&#8243; el_class=&#8221;resp-f-width&#8221;][vc_single_image image=&#8221;773&#8243; img_size=&#8221;full&#8221;][\/vc_column][\/vc_row][vc_row full_width=&#8221;stretch_row&#8221; el_class=&#8221;blue_line&#8221; css=&#8221;.vc_custom_1527248152744{background-color: #424242 !important;}&#8221;][vc_column width=&#8221;1\/3&#8243; el_class=&#8221;del-vc_column_pad&#8221;][vc_column_text]<\/p>\n<div class=\"number\">\n<h3 class=\"counter\">23<\/h3>\n<\/div>\n<div class=\"text\">\n<h4>Yachts<\/h4>\n<h4>Renal<\/h4>\n<\/div>\n<p>[\/vc_column_text][\/vc_column][vc_column width=&#8221;1\/3&#8243; el_class=&#8221;del-vc_column_pad&#8221;][vc_column_text]<\/p>\n<div class=\"number wodth\">\n<h3 class=\"counter poisiton-left\">3<\/h3>\n<h3 class=\"poisiton-right\">K<\/h3>\n<\/div>\n<div class=\"text\">\n<h4>Happy<\/h4>\n<h4>Customers<\/h4>\n<\/div>\n<p>[\/vc_column_text][\/vc_column][vc_column width=&#8221;1\/3&#8243; el_class=&#8221;del-vc_column_pad&#8221;][vc_column_text]<\/p>\n<div class=\"number\">\n<h3 class=\"counter\">40<\/h3>\n<\/div>\n<div class=\"text last\">\n<h4>Boats<\/h4>\n<h4>Rental<\/h4>\n<\/div>\n<p>[\/vc_column_text][\/vc_column][\/vc_row][vc_row full_width=&#8221;stretch_row&#8221; el_class=&#8221;need_consult contentPadding&#8221; css=&#8221;.vc_custom_1498906089031{background-color: #f0f1f2 !important;}&#8221;][vc_column width=&#8221;1\/2&#8243; el_class=&#8221;col-md-offset-3 resp-f-width&#8221;][vc_column_text]<\/p>\n<div class=\"row\">\n<div class=\"contentTitle normall\">\n<h3 class=\"h3 as font-28\">Need consultation?<\/h3>\n<p><strong>Lorem Ipsum<\/strong>\u00a0is simply dummy text of the printing and typesetting industry. Lorem Ipsum has been the industry&#8217;s<\/p>\n<\/div>\n<ul>\n<li class=\"mail\">contact@wpboat.com<\/li>\n<li class=\"number\">1800 954 1234<\/li>\n<\/ul>\n<\/div>\n<p>[\/vc_column_text][\/vc_column][\/vc_row][vc_row full_width=&#8221;stretch_row&#8221; el_class=&#8221;about2&#8243; css=&#8221;.vc_custom_1527248344293{background-image: url(https:\/\/aslanyacht.com\/wp-content\/uploads\/2018\/05\/small-yacht-sailing-on-the-sea-in-the-light-of-the-sun-sparkling-on-a-background-of-blue-sky-and-clouds_rpxzexftvl_thumbnail-full01-1.png?id=753) !important;}&#8221;][vc_column el_class=&#8221;del-vc_column_pad&#8221;][vc_column_text]<\/p>\n<div class=\"about-us\">\n<div class=\"contentTitle normall\">\n<h2 class=\"h2 font-28\">Boat Rental Solution<\/h2>\n<h3><strong>Lorem Ipsum<\/strong>\u00a0is simply dummy text of the printing and typesetting industry. Lorem Ipsum has been the industry&#8217;s.<\/h3>\n<p>It is a long established fact that a reader will be distracted by the readable content of a page when looking at its layout. The point of using Lorem Ipsum is that it has a more-or-less normal distribution of letters, as opposed to using &#8216;Content here, content here&#8217;, making it look like readable English.<\/p>\n<p><a class=\"button large\" href=\"services.html\">Read more<\/a><\/p>\n<\/div>\n<\/div>\n<p>[\/vc_column_text][\/vc_column][\/vc_row][vc_row full_width=&#8221;stretch_row&#8221; el_class=&#8221;contentPadding bottom-50 service2&#8243;][vc_column el_class=&#8221;del-vc_column_pad &#8220;][vc_row_inner][vc_column_inner el_class=&#8221;contentTitle normall&#8221;][vc_custom_heading text=&#8221;What We Do&#8221; font_container=&#8221;tag:h2|font_size:28px|text_align:center|color:%23242424|line_height:36px&#8221; google_fonts=&#8221;&#8221; el_class=&#8221;as&#8221;][vc_column_text]<\/p>\n<p>WPCarpet Cleaning &amp; Air Duct Cleaning offers an unparalleled carpet cleaning system that removes dirt and restores carpet to its former fresh state.Our carpet cleaning estimate service is 100% free.<\/p>\n<div class=\"emptySpace50 emptySpace-xs30\"><\/div>\n<p>[\/vc_column_text][\/vc_column_inner][\/vc_row_inner][wpb_our_services number=&#8221;6&#8243; column=&#8221;3&#8243;][\/vc_column][\/vc_row][vc_row full_width=&#8221;stretch_row&#8221; el_class=&#8221;about2&#8243; css=&#8221;.vc_custom_1527248672420{background-image: url(https:\/\/aslanyacht.com\/wp-content\/uploads\/2018\/05\/2.png?id=760) !important;}&#8221;][vc_column el_class=&#8221;del-vc_column_pad&#8221;][vc_column_text]<\/p>\n<div class=\"about-us\">\n<div class=\"contentTitle normall\">\n<h2 class=\"h2 font-28\">Beach Tour Packages<\/h2>\n<h3>There are many variations of passages of Lorem Ipsum available, but the majority have suffered alteration in some form.<\/h3>\n<p>Contrary to popular belief, Lorem Ipsum is not simply random text. It has roots in a piece of classical Latin literature from 45 BC, making it over 2000 years old. Richard McClintock, a Latin professor at Hampden-Sydney College in Virginia.<\/p>\n<p><a class=\"button large\" href=\"services.html\">Read more<\/a><\/p>\n<\/div>\n<\/div>\n<p>[\/vc_column_text][\/vc_column][\/vc_row][vc_row full_width=&#8221;stretch_row&#8221; parallax=&#8221;content-moving&#8221; parallax_speed_bg=&#8221;2.5&#8243; el_class=&#8221;successful_stories contentPadding&#8221; css=&#8221;.vc_custom_1501577768280{background-color: rgba(239,239,239,0.65) !important;*background-color: rgb(239,239,239) !important;}&#8221;][vc_column width=&#8221;1\/2&#8243; el_class=&#8221;contentTitle normall del-vc_column_pad resp-f-width&#8221;][vc_custom_heading text=&#8221;Luxury Sailing Yachts &#8221; font_container=&#8221;tag:h2|font_size:28px|text_align:left|color:%23242424|line_height:36px&#8221; google_fonts=&#8221;&#8221;][vc_column_text]<\/p>\n<h3>Satisfaction\u00a0Guaranteed!<\/h3>\n<p>Lorem Ipsum which looks reasonable. The generated Lorem Ipsum is therefore always free from repetition, injected humour, or non-characteristic .<\/p>\n<p>There are many variations of passages of Lorem Ipsum available, but the majority have suffered alteration in some form, by injected humour, or randomised words which don&#8217;t look even slightly believable. If you are going to use a passage of Lorem Ipsum, you need to be sure there isn&#8217;t anything embarrassing hidden in the middle of text.<\/p>\n<p><a class=\"button large\" href=\"http:\/\/services.html\">Read more&#8230;<\/a>[\/vc_column_text][\/vc_column][vc_column width=&#8221;1\/2&#8243; el_class=&#8221;del-vc_column_pad resp-f-width&#8221;][vc_single_image image=&#8221;755&#8243; img_size=&#8221;full&#8221; alignment=&#8221;right&#8221; el_class=&#8221;image&#8221;][\/vc_column][\/vc_row][vc_row full_width=&#8221;stretch_row&#8221; el_class=&#8221;about2&#8243; css=&#8221;.vc_custom_1527248628699{background-image: url(https:\/\/aslanyacht.com\/wp-content\/uploads\/2018\/05\/1.png?id=758) !important;}&#8221;][vc_column el_class=&#8221;del-vc_column_pad&#8221;][vc_column_text]<\/p>\n<div class=\"about-us\">\n<div class=\"contentTitle normall\">\n<h2 class=\"h2 font-28\">Yacht Rental Solutions<\/h2>\n<h3>There are many variations of passages of Lorem Ipsum available, but the majority have suffered alteration in some form.<\/h3>\n<p>If you are going to use a passage of Lorem Ipsum, you need to be sure there isn&#8217;t anything embarrassing hidden in the middle of text. All the Lorem Ipsum generators on the Internet tend to repeat predefined chunks as necessary.making this the first true generator on the Internet.<\/p>\n<p><a class=\"button large\" href=\"services.html\">Read more<\/a><\/p>\n<\/div>\n<\/div>\n<p>[\/vc_column_text][\/vc_column][\/vc_row][vc_row full_width=&#8221;stretch_row&#8221; el_class=&#8221;contentPadding&#8221; css=&#8221;.vc_custom_1501577801814{background-color: rgba(239,239,239,0.65) !important;*background-color: rgb(239,239,239) !important;}&#8221;][vc_column][vc_row_inner][vc_column_inner el_class=&#8221;contentTitle normall&#8221;][vc_custom_heading text=&#8221;Latest News&#8221; font_container=&#8221;tag:h3|font_size:28px|text_align:center|color:%23242424|line_height:32px&#8221; google_fonts=&#8221;&#8221; el_class=&#8221;h3 as&#8221;][wpb_news][\/vc_column_inner][\/vc_row_inner][\/vc_column][\/vc_row][vc_row full_width=&#8221;stretch_row&#8221; el_class=&#8221;contentPadding query_bg&#8221; css=&#8221;.vc_custom_1502552905148{background-color: #81d742 !important;}&#8221;][vc_column width=&#8221;1\/2&#8243; el_class=&#8221;del-vc_column_pad resp-f-width&#8221;]<p class=\"wpcf7-contact-form-not-found\"><strong>Hata:<\/strong> \u0130leti\u015fim formu bulunamad\u0131.<\/p>[\/vc_column][vc_column width=&#8221;1\/2&#8243; el_class=&#8221;query_sec del-vc_column_pad resp-f-width&#8221; css=&#8221;.vc_custom_1499081086400{padding-left: 50px !important;}&#8221;][vc_custom_heading text=&#8221;Have any querry?&#8221; font_container=&#8221;tag:h3|font_size:28px|text_align:left|color:%23242424|line_height:32px&#8221; google_fonts=&#8221;&#8221; el_class=&#8221;as&#8221;][vc_column_text]<\/p>\n<div class=\"emptySpace40 emptySpace-xs30\"><\/div>\n<p>[\/vc_column_text][vc_tta_accordion shape=&#8221;square&#8221; active_section=&#8221;1&#8243; el_class=&#8221;accordeon normall&#8221;][vc_tta_section title=&#8221;How do I get Boat rental? &#8221; tab_id=&#8221;1498907662712-2ec0c14e-5d6e&#8221;][vc_column_text]<strong>Lorem Ipsum<\/strong>\u00a0is simply dummy text of the printing and typesetting industry. Lorem Ipsum has been the industry&#8217;s[\/vc_column_text][\/vc_tta_section][vc_tta_section title=&#8221;How I can get Yacht Rental? &#8221; tab_id=&#8221;1498907663162-64818389-a63a&#8221;][vc_column_text]<strong>Lorem Ipsum<\/strong>\u00a0is simply dummy text of the printing and typesetting industry. Lorem Ipsum has been the industry&#8217;s[\/vc_column_text][\/vc_tta_section][vc_tta_section title=&#8221;How much does it cost to get Yacht? &#8221; tab_id=&#8221;1498907765798-9e0bb466-2790&#8243;][vc_column_text]<strong>Lorem Ipsum<\/strong>\u00a0is simply dummy text of the printing and typesetting industry. Lorem Ipsum has been the industry&#8217;s[\/vc_column_text][\/vc_tta_section][vc_tta_section title=&#8221;Do you offer any discounts coupons? &#8221; tab_id=&#8221;1498907801659-295f3dab-2ba7&#8243;][vc_column_text]<strong>Lorem Ipsum<\/strong>\u00a0is simply dummy text of the printing and typesetting industry. Lorem Ipsum has been the industry&#8217;s[\/vc_column_text][\/vc_tta_section][\/vc_tta_accordion][\/vc_column][\/vc_row][vc_row full_width=&#8221;stretch_row&#8221; el_class=&#8221;appointWrapper&#8221; css=&#8221;.vc_custom_1502553119662{background-color: #dd9933 !important;}&#8221;][vc_column width=&#8221;2\/3&#8243; el_class=&#8221;del-vc_column_pad&#8221;][vc_column_text]<\/p>\n<div class=\"appoinContent\">\n<div class=\"simple-article light\">\n<p>Looking for Yacht Rental Company?\u00a0Hire Yacht in affordable price!<\/p>\n<\/div>\n<\/div>\n<p>[\/vc_column_text][\/vc_column][vc_column width=&#8221;1\/3&#8243; el_class=&#8221;del-vc_column_pad&#8221;][vc_column_text]<\/p>\n<div class=\"btnAlign\"><a class=\"button btnStyle3\" href=\"#\">Get Appoinment<\/a><\/div>\n<p>[\/vc_column_text][\/vc_column][\/vc_row]<\/p>\n","protected":false},"excerpt":{"rendered":"<p>[vc_row full_width=&#8221;stretch_row_content_no_spaces&#8221; el_class=&#8221;margin-top-slider&#8221;][vc_column][vc_column_text][\/vc_column_text][\/vc_column][\/vc_row][vc_row full_width=&#8221;stretch_row&#8221; el_class=&#8221;strip strip5&#8243; css=&#8221;.vc_custom_1502511189636{background-color: #81d742 !important;}&#8221;][vc_column width=&#8221;1\/3&#8243; el_class=&#8221;del-vc_column_pad&#8221;][vc_column_text] Toll Free No. 1800 654 1234 [\/vc_column_text][\/vc_column][vc_column width=&#8221;5\/12&#8243; el_class=&#8221;del-vc_column_pad&#8221;][vc_column_text] send us mail info@wpboat.com [\/vc_column_text][\/vc_column][vc_column width=&#8221;1\/4&#8243; el_class=&#8221;del-vc_column_pad&#8221;][vc_column_text] Our location 123, Orlando Street, FL [\/vc_column_text][\/vc_column][\/vc_row][vc_row full_width=&#8221;stretch_row&#8221; el_class=&#8221;welcome3 contentPadding&#8221;][vc_column width=&#8221;1\/2&#8243; el_class=&#8221;resp-f-width&#8221;][vc_column_text] Welcome to Yacht Rental It is a long established fact that a reader will be distracted<\/p>\n","protected":false},"author":1,"featured_media":0,"parent":0,"menu_order":0,"comment_status":"closed","ping_status":"closed","template":"","meta":{"footnotes":""},"class_list":["post-510","page","type-page","status-publish","hentry"],"_links":{"self":[{"href":"https:\/\/aslanyacht.com\/tr\/wp-json\/wp\/v2\/pages\/510","targetHints":{"allow":["GET"]}}],"collection":[{"href":"https:\/\/aslanyacht.com\/tr\/wp-json\/wp\/v2\/pages"}],"about":[{"href":"https:\/\/aslanyacht.com\/tr\/wp-json\/wp\/v2\/types\/page"}],"author":[{"embeddable":true,"href":"https:\/\/aslanyacht.com\/tr\/wp-json\/wp\/v2\/users\/1"}],"replies":[{"embeddable":true,"href":"https:\/\/aslanyacht.com\/tr\/wp-json\/wp\/v2\/comments?post=510"}],"version-history":[{"count":0,"href":"https:\/\/aslanyacht.com\/tr\/wp-json\/wp\/v2\/pages\/510\/revisions"}],"wp:attachment":[{"href":"https:\/\/aslanyacht.com\/tr\/wp-json\/wp\/v2\/media?parent=510"}],"curies":[{"name":"wp","href":"https:\/\/api.w.org\/{rel}","templated":true}]}}