{"id":518,"date":"2017-08-11T13:31:03","date_gmt":"2017-08-11T13:31:03","guid":{"rendered":"http:\/\/demos.pixelatethemes.com\/psychology\/?page_id=518"},"modified":"2017-08-11T13:31:03","modified_gmt":"2017-08-11T13:31:03","slug":"home-page-5","status":"publish","type":"page","link":"https:\/\/aslanyacht.com\/tr\/home-page-5\/","title":{"rendered":"Home Page 5"},"content":{"rendered":"<p>[vc_row full_width=&#8221;stretch_row_content_no_spaces&#8221;][vc_column][vc_column_text]\t\t\t<rs-module-wrap id=\"rev_slider_error_1_wrapper\">\n\t\t\t\t<rs-module id=\"rev_slider_error_1\">\n\t\t\t\t\t<div class=\"rs_error_message_box\">\n\t\t\t\t\t\t<div class=\"rs_error_message_oops\">There is nothing to show here!<\/div>\n\t\t\t\t\t\t<div class=\"rs_error_message_content\">Slider with alias home4 not found.<\/div>\n\t\t\t\t\t<\/div>\n\t\t\t\t<\/rs-module>\n\t\t\t<\/rs-module-wrap>\n\t\t\t<script>\n\t\t\t\tvar rs_eslider = document.getElementById(\"rev_slider_error_1\");\n\t\t\t\trs_eslider.style.display = \"none\";\n\t\t\t\tconsole.log(\"Slider with alias home4 not found.\");\n\t\t\t<\/script>\n[\/vc_column_text][\/vc_column][\/vc_row][vc_row full_width=&#8221;stretch_row&#8221; el_class=&#8221;strip strip5&#8243; css=&#8221;.vc_custom_1502511189636{background-color: #81d742 !important;}&#8221;][vc_column width=&#8221;1\/3&#8243; el_class=&#8221;del-vc_column_pad&#8221;][vc_column_text]<\/p>\n<div id=\"single-content\">\n<div class=\"icon flaticon1-smartphone-call\"><\/div>\n<div class=\"text\">\n<h4>Toll Free No.<\/h4>\n<p>1800 654 1234<\/p>\n<\/div>\n<div class=\"line\"><\/div>\n<\/div>\n<p>[\/vc_column_text][\/vc_column][vc_column width=&#8221;5\/12&#8243; el_class=&#8221;del-vc_column_pad&#8221;][vc_column_text]<\/p>\n<div id=\"single-content\">\n<div class=\"icon flaticon1-envelope\"><\/div>\n<div class=\"text\">\n<h4>send us mail<\/h4>\n<p>info@wpboat.com<\/p>\n<\/div>\n<div class=\"line\"><\/div>\n<\/div>\n<p>[\/vc_column_text][\/vc_column][vc_column width=&#8221;1\/4&#8243; el_class=&#8221;del-vc_column_pad&#8221;][vc_column_text]<\/p>\n<div id=\"single-content\">\n<div class=\"icon flaticon2-placeholder\"><\/div>\n<div class=\"text\">\n<h4>Our location<\/h4>\n<p>123, Orlando Street, FL<\/p>\n<\/div>\n<\/div>\n<p>[\/vc_column_text][\/vc_column][\/vc_row][vc_row full_width=&#8221;stretch_row&#8221; el_class=&#8221;about2&#8243; css=&#8221;.vc_custom_1527249826947{background-image: url(https:\/\/aslanyacht.com\/wp-content\/uploads\/2018\/05\/1.png?id=758) !important;}&#8221;][vc_column el_class=&#8221;del-vc_column_pad&#8221;][vc_column_text]<\/p>\n<div class=\"about-us\">\n<div class=\"contentTitle normall\">\n<h2 class=\"h2 font-28\">Boat Rental Solution<\/h2>\n<h3><strong>Lorem Ipsum<\/strong>\u00a0is simply dummy text of the printing and typesetting industry. Lorem Ipsum has been the industry&#8217;s.<\/h3>\n<p>It is a long established fact that a reader will be distracted by the readable content of a page when looking at its layout. The point of using Lorem Ipsum is that it has a more-or-less normal distribution of letters, as opposed to using &#8216;Content here, content here&#8217;, making it look like readable English.<\/p>\n<p><a class=\"button large\" href=\"services.html\">Read more<\/a><\/p>\n<\/div>\n<\/div>\n<p>[\/vc_column_text][\/vc_column][\/vc_row][vc_row full_width=&#8221;stretch_row&#8221; el_class=&#8221;contentPadding bottom-50 service2&#8243;][vc_column el_class=&#8221;del-vc_column_pad &#8220;][vc_row_inner][vc_column_inner el_class=&#8221;contentTitle normall&#8221;][vc_custom_heading text=&#8221;What We Do&#8221; font_container=&#8221;tag:h2|font_size:28px|text_align:center|color:%23242424|line_height:36px&#8221; google_fonts=&#8221;&#8221; el_class=&#8221;as&#8221;][vc_column_text]<\/p>\n<p><strong>Lorem Ipsum<\/strong>\u00a0is simply dummy text of the printing and typesetting industry. Lorem Ipsum has been the industry&#8217;s standard dummy text ever since the 1500s,when an unknown printer took a galley of type and scrambled<\/p>\n<p>&nbsp;<\/p>\n<div class=\"emptySpace50 emptySpace-xs30\"><\/div>\n<p>[\/vc_column_text][\/vc_column_inner][\/vc_row_inner][wpb_our_services number=&#8221;4&#8243; column=&#8221;4&#8243;][\/vc_column][\/vc_row][vc_row full_width=&#8221;stretch_row&#8221; parallax=&#8221;content-moving&#8221; parallax_speed_bg=&#8221;2.5&#8243; el_class=&#8221;successful_stories contentPadding&#8221; css=&#8221;.vc_custom_1501577768280{background-color: rgba(239,239,239,0.65) !important;*background-color: rgb(239,239,239) !important;}&#8221;][vc_column width=&#8221;1\/2&#8243; el_class=&#8221;contentTitle normall del-vc_column_pad resp-f-width&#8221;][vc_custom_heading text=&#8221;Luxury Sailing Yachts &#8221; font_container=&#8221;tag:h2|font_size:28px|text_align:left|color:%23242424|line_height:36px&#8221; google_fonts=&#8221;&#8221;][vc_column_text]<\/p>\n<h3>Satisfaction\u00a0Guaranteed!<\/h3>\n<p>Lorem Ipsum which looks reasonable. The generated Lorem Ipsum is therefore always free from repetition, injected humour, or non-characteristic .<\/p>\n<p>There are many variations of passages of Lorem Ipsum available, but the majority have suffered alteration in some form, by injected humour, or randomised words which don&#8217;t look even slightly believable. If you are going to use a passage of Lorem Ipsum, you need to be sure there isn&#8217;t anything embarrassing hidden in the middle of text.<\/p>\n<p><a class=\"button large\" href=\"http:\/\/services.html\">Read more&#8230;<\/a>[\/vc_column_text][\/vc_column][vc_column width=&#8221;1\/2&#8243; el_class=&#8221;del-vc_column_pad resp-f-width&#8221;][vc_single_image image=&#8221;755&#8243; img_size=&#8221;full&#8221; alignment=&#8221;right&#8221; el_class=&#8221;image&#8221;][\/vc_column][\/vc_row][vc_row full_width=&#8221;stretch_row&#8221; el_class=&#8221;about2&#8243; css=&#8221;.vc_custom_1527249918365{background-image: url(https:\/\/aslanyacht.com\/wp-content\/uploads\/2018\/05\/small-yacht-sailing-on-the-sea-in-the-light-of-the-sun-sparkling-on-a-background-of-blue-sky-and-clouds_rpxzexftvl_thumbnail-full01-1.png?id=753) !important;}&#8221;][vc_column el_class=&#8221;del-vc_column_pad&#8221;][vc_column_text]<\/p>\n<div class=\"about-us\">\n<div class=\"contentTitle normall\">\n<h2 class=\"h2 font-28\">Yacht Rental Solutions<\/h2>\n<h3>There are many variations of passages of Lorem Ipsum available, but the majority have suffered alteration in some form.<\/h3>\n<p>If you are going to use a passage of Lorem Ipsum, you need to be sure there isn&#8217;t anything embarrassing hidden in the middle of text. All the Lorem Ipsum generators on the Internet tend to repeat predefined chunks as necessary.making this the first true generator on the Internet.<\/p>\n<p><a class=\"button large\" href=\"services.html\">Read more<\/a><\/p>\n<\/div>\n<\/div>\n<p>[\/vc_column_text][\/vc_column][\/vc_row][vc_row full_width=&#8221;stretch_row&#8221; el_class=&#8221;contentPadding&#8221; css=&#8221;.vc_custom_1501577801814{background-color: rgba(239,239,239,0.65) !important;*background-color: rgb(239,239,239) !important;}&#8221;][vc_column][vc_row_inner][vc_column_inner el_class=&#8221;contentTitle normall&#8221;][vc_custom_heading text=&#8221;Latest News&#8221; font_container=&#8221;tag:h3|font_size:28px|text_align:center|color:%23242424|line_height:32px&#8221; google_fonts=&#8221;&#8221; el_class=&#8221;h3 as&#8221;][wpb_news][\/vc_column_inner][\/vc_row_inner][\/vc_column][\/vc_row][vc_row full_width=&#8221;stretch_row&#8221; el_class=&#8221;online_appoint&#8221; css=&#8221;.vc_custom_1527249940484{background-image: url(https:\/\/aslanyacht.com\/wp-content\/uploads\/2018\/05\/contactus-background.png?id=764) !important;}&#8221;][vc_column][vc_custom_heading text=&#8221;GET ONLINE APPOINTMENT&#8221; font_container=&#8221;tag:h2|text_align:center|color:%23ffffff&#8221; google_fonts=&#8221;&#8221; subtitle_color=&#8221;#ffffff&#8221; subtitle=&#8221;Fill Form Below &amp; get in touch with us!&#8221;][vc_empty_space height=&#8221;70px&#8221;]<p class=\"wpcf7-contact-form-not-found\"><strong>Hata:<\/strong> \u0130leti\u015fim formu bulunamad\u0131.<\/p>[\/vc_column][\/vc_row][vc_row full_width=&#8221;stretch_row&#8221; el_class=&#8221;appointWrapper&#8221; css=&#8221;.vc_custom_1501578164927{background-color: #a2ba2a !important;}&#8221;][vc_column width=&#8221;2\/3&#8243; el_class=&#8221;del-vc_column_pad&#8221;][vc_column_text]<\/p>\n<div class=\"appoinContent\">\n<div class=\"simple-article light\">\n<p>Contrary to popular belief, Lorem Ipsum is not simply random text. It has roots in a piece of classical!<\/p>\n<\/div>\n<\/div>\n<p>[\/vc_column_text][\/vc_column][vc_column width=&#8221;1\/3&#8243; el_class=&#8221;del-vc_column_pad&#8221;][vc_column_text]<\/p>\n<div class=\"btnAlign\"><a class=\"button btnStyle3\" href=\"#\">Get Appoinment<\/a><\/div>\n<p>[\/vc_column_text][\/vc_column][\/vc_row]<\/p>\n","protected":false},"excerpt":{"rendered":"<p>[vc_row full_width=&#8221;stretch_row_content_no_spaces&#8221;][vc_column][vc_column_text][\/vc_column_text][\/vc_column][\/vc_row][vc_row full_width=&#8221;stretch_row&#8221; el_class=&#8221;strip strip5&#8243; css=&#8221;.vc_custom_1502511189636{background-color: #81d742 !important;}&#8221;][vc_column width=&#8221;1\/3&#8243; el_class=&#8221;del-vc_column_pad&#8221;][vc_column_text] Toll Free No. 1800 654 1234 [\/vc_column_text][\/vc_column][vc_column width=&#8221;5\/12&#8243; el_class=&#8221;del-vc_column_pad&#8221;][vc_column_text] send us mail info@wpboat.com [\/vc_column_text][\/vc_column][vc_column width=&#8221;1\/4&#8243; el_class=&#8221;del-vc_column_pad&#8221;][vc_column_text] Our location 123, Orlando Street, FL [\/vc_column_text][\/vc_column][\/vc_row][vc_row full_width=&#8221;stretch_row&#8221; el_class=&#8221;about2&#8243; css=&#8221;.vc_custom_1527249826947{background-image: url(https:\/\/aslanyacht.com\/wp-content\/uploads\/2018\/05\/1.png?id=758) !important;}&#8221;][vc_column el_class=&#8221;del-vc_column_pad&#8221;][vc_column_text] Boat Rental Solution Lorem Ipsum\u00a0is simply dummy text of the printing and typesetting industry. Lorem Ipsum<\/p>\n","protected":false},"author":1,"featured_media":0,"parent":0,"menu_order":0,"comment_status":"closed","ping_status":"closed","template":"","meta":{"footnotes":""},"class_list":["post-518","page","type-page","status-publish","hentry"],"_links":{"self":[{"href":"https:\/\/aslanyacht.com\/tr\/wp-json\/wp\/v2\/pages\/518","targetHints":{"allow":["GET"]}}],"collection":[{"href":"https:\/\/aslanyacht.com\/tr\/wp-json\/wp\/v2\/pages"}],"about":[{"href":"https:\/\/aslanyacht.com\/tr\/wp-json\/wp\/v2\/types\/page"}],"author":[{"embeddable":true,"href":"https:\/\/aslanyacht.com\/tr\/wp-json\/wp\/v2\/users\/1"}],"replies":[{"embeddable":true,"href":"https:\/\/aslanyacht.com\/tr\/wp-json\/wp\/v2\/comments?post=518"}],"version-history":[{"count":0,"href":"https:\/\/aslanyacht.com\/tr\/wp-json\/wp\/v2\/pages\/518\/revisions"}],"wp:attachment":[{"href":"https:\/\/aslanyacht.com\/tr\/wp-json\/wp\/v2\/media?parent=518"}],"curies":[{"name":"wp","href":"https:\/\/api.w.org\/{rel}","templated":true}]}}